{"id":5291,"date":"2020-02-04T12:54:32","date_gmt":"2020-02-04T11:54:32","guid":{"rendered":"https:\/\/www.slavkocuruvijafondacija.rs\/?page_id=5291"},"modified":"2023-07-27T16:02:10","modified_gmt":"2023-07-27T14:02:10","slug":"terms-of-use","status":"publish","type":"page","link":"https:\/\/www.slavkocuruvijafondacija.rs\/en\/terms-of-use\/","title":{"rendered":"Terms of Use"},"content":{"rendered":"<p>&nbsp;<br \/>\nThank you for visiting website of the Slavko \u0106uruvija Foundation (S\u0106F).<\/p>\n<p>It is permitted to copy and publish pages and articles originally published on S\u0106F website, under two conditions: (1) published text must be signed with &#8220;Source: Slavko \u0106uruvija Foundation&#8221;; and (2) published text must link to the original piece on S\u0106F website.<\/p>\n<p>S\u0106F original content is considered to include all text published on this website, that is either signed with &#8220;Slavko \u0106uruvija Foundation&#8221;, or not signed at all. Content published on this website that is signed otherwise, is not considered S\u0106F original content, and can be published under conditions defined by its original publisher.<\/p>\n<p>Slavko \u0106uruvija Foundation is not reposnsible for content originally published on other websites, that is linked to from within S\u0106F original content.<\/p>\n<p>Publishing photographs and illustrations downloaded or scrapped from this website is permitted exclusively under explicit permission from the S\u0106F.<\/p>\n<h2>Changes to Terms of Use<\/h2>\n<p>Slavko \u0106uruvija Foundation whitholds the right to change\/add to these Terms of Use, and is not responsible for concequences that come out of those changes. Changes are in effect since the moment of publishing.<\/p>\n<h2>Privacy Policy<\/h2>\n<p><a href=\"https:\/\/www.slavkocuruvijafondacija.rs\/en\/privacy-policy\/\" target=\"_blank\" rel=\"noopener noreferrer\">Privacy Policy<\/a> is part of these Terms of Use.<\/p>\n","protected":false},"excerpt":{"rendered":"<p>&nbsp; Thank you for visiting website of the Slavko \u0106uruvija Foundation (S\u0106F). It is permitted to copy and publish pages and articles originally published on S\u0106F website, under two conditions: (1) published text must be signed with &#8220;Source: Slavko \u0106uruvija Foundation&#8221;; and (2) published text must link to the original piece on S\u0106F website. S\u0106F original content is considered to include all text published on this website, that is either signed with &#8220;Slavko \u0106uruvija Foundation&#8221;, or not signed at all. [&hellip;]<\/p>\n","protected":false},"author":4,"featured_media":0,"parent":0,"menu_order":0,"comment_status":"closed","ping_status":"closed","template":"","meta":{"footnotes":""},"class_list":["post-5291","page","type-page","status-publish","hentry"],"yoast_head":"<!-- This site is optimized with the Yoast SEO plugin v25.6 - https:\/\/yoast.com\/wordpress\/plugins\/seo\/ -->\n<title>Terms of Use | Slavko \u0106uruvija fondacija<\/title>\n<meta name=\"robots\" content=\"index, follow, max-snippet:-1, max-image-preview:large, max-video-preview:-1\" \/>\n<link rel=\"canonical\" href=\"https:\/\/www.slavkocuruvijafondacija.rs\/en\/terms-of-use\/\" \/>\n<meta property=\"og:locale\" content=\"en_US\" \/>\n<meta property=\"og:type\" content=\"article\" \/>\n<meta property=\"og:title\" content=\"Terms of Use | Slavko \u0106uruvija fondacija\" \/>\n<meta property=\"og:description\" content=\"&nbsp; Thank you for visiting website of the Slavko \u0106uruvija Foundation (S\u0106F). It is permitted to copy and publish pages and articles originally published on S\u0106F website, under two conditions: (1) published text must be signed with &#8220;Source: Slavko \u0106uruvija Foundation&#8221;; and (2) published text must link to the original piece on S\u0106F website. S\u0106F original content is considered to include all text published on this website, that is either signed with &#8220;Slavko \u0106uruvija Foundation&#8221;, or not signed at all. [&hellip;]\" \/>\n<meta property=\"og:url\" content=\"https:\/\/www.slavkocuruvijafondacija.rs\/en\/terms-of-use\/\" \/>\n<meta property=\"og:site_name\" content=\"Slavko \u0106uruvija fondacija\" \/>\n<meta property=\"article:publisher\" content=\"https:\/\/www.facebook.com\/slavkocuruvijafondacija\/\" \/>\n<meta property=\"article:modified_time\" content=\"2023-07-27T14:02:10+00:00\" \/>\n<meta property=\"og:image\" content=\"https:\/\/www.slavkocuruvijafondacija.rs\/wp-content\/uploads\/2021\/03\/SCF-Logo-900-600.jpg\" \/>\n\t<meta property=\"og:image:width\" content=\"900\" \/>\n\t<meta property=\"og:image:height\" content=\"600\" \/>\n\t<meta property=\"og:image:type\" content=\"image\/jpeg\" \/>\n<meta name=\"twitter:card\" content=\"summary_large_image\" \/>\n<meta name=\"twitter:site\" content=\"@scfondacija\" \/>\n<meta name=\"twitter:label1\" content=\"Est. reading time\" \/>\n\t<meta name=\"twitter:data1\" content=\"1 minute\" \/>\n<script type=\"application\/ld+json\" class=\"yoast-schema-graph\">{\"@context\":\"https:\/\/schema.org\",\"@graph\":[{\"@type\":\"WebPage\",\"@id\":\"https:\/\/www.slavkocuruvijafondacija.rs\/en\/terms-of-use\/\",\"url\":\"https:\/\/www.slavkocuruvijafondacija.rs\/en\/terms-of-use\/\",\"name\":\"Terms of Use | Slavko \u0106uruvija fondacija\",\"isPartOf\":{\"@id\":\"https:\/\/www.slavkocuruvijafondacija.rs\/#website\"},\"datePublished\":\"2020-02-04T11:54:32+00:00\",\"dateModified\":\"2023-07-27T14:02:10+00:00\",\"inLanguage\":\"en-US\",\"potentialAction\":[{\"@type\":\"ReadAction\",\"target\":[\"https:\/\/www.slavkocuruvijafondacija.rs\/en\/terms-of-use\/\"]}]},{\"@type\":\"WebSite\",\"@id\":\"https:\/\/www.slavkocuruvijafondacija.rs\/#website\",\"url\":\"https:\/\/www.slavkocuruvijafondacija.rs\/\",\"name\":\"Slavko \u0106uruvija fondacija\",\"description\":\"Slavko \u0106uruvija fondacija (S\u0106F) radi na promociji i unapre\u0111enju slobodnih, nezavisnih i odgovornih medija u Srbiji.\",\"publisher\":{\"@id\":\"https:\/\/www.slavkocuruvijafondacija.rs\/#organization\"},\"potentialAction\":[{\"@type\":\"SearchAction\",\"target\":{\"@type\":\"EntryPoint\",\"urlTemplate\":\"https:\/\/www.slavkocuruvijafondacija.rs\/?s={search_term_string}\"},\"query-input\":{\"@type\":\"PropertyValueSpecification\",\"valueRequired\":true,\"valueName\":\"search_term_string\"}}],\"inLanguage\":\"en-US\"},{\"@type\":\"Organization\",\"@id\":\"https:\/\/www.slavkocuruvijafondacija.rs\/#organization\",\"name\":\"Slavko Curuvija Foundation\",\"url\":\"https:\/\/www.slavkocuruvijafondacija.rs\/\",\"logo\":{\"@type\":\"ImageObject\",\"inLanguage\":\"en-US\",\"@id\":\"https:\/\/www.slavkocuruvijafondacija.rs\/#\/schema\/logo\/image\/\",\"url\":\"https:\/\/www.slavkocuruvijafondacija.rs\/wp-content\/uploads\/2021\/03\/SCF-Logo-900-600.jpg\",\"contentUrl\":\"https:\/\/www.slavkocuruvijafondacija.rs\/wp-content\/uploads\/2021\/03\/SCF-Logo-900-600.jpg\",\"width\":900,\"height\":600,\"caption\":\"Slavko Curuvija Foundation\"},\"image\":{\"@id\":\"https:\/\/www.slavkocuruvijafondacija.rs\/#\/schema\/logo\/image\/\"},\"sameAs\":[\"https:\/\/www.facebook.com\/slavkocuruvijafondacija\/\",\"https:\/\/x.com\/scfondacija\",\"https:\/\/www.instagram.com\/slavko_curuvija_fondacija\/\",\"https:\/\/www.linkedin.com\/company\/slavko-curuvija-foundation\/\",\"https:\/\/www.youtube.com\/channel\/UCEDcWS1sfG6qvaiBvVJJVRQ\"]}]}<\/script>\n<!-- \/ Yoast SEO plugin. -->","yoast_head_json":{"title":"Terms of Use | Slavko \u0106uruvija fondacija","robots":{"index":"index","follow":"follow","max-snippet":"max-snippet:-1","max-image-preview":"max-image-preview:large","max-video-preview":"max-video-preview:-1"},"canonical":"https:\/\/www.slavkocuruvijafondacija.rs\/en\/terms-of-use\/","og_locale":"en_US","og_type":"article","og_title":"Terms of Use | Slavko \u0106uruvija fondacija","og_description":"&nbsp; Thank you for visiting website of the Slavko \u0106uruvija Foundation (S\u0106F). It is permitted to copy and publish pages and articles originally published on S\u0106F website, under two conditions: (1) published text must be signed with &#8220;Source: Slavko \u0106uruvija Foundation&#8221;; and (2) published text must link to the original piece on S\u0106F website. S\u0106F original content is considered to include all text published on this website, that is either signed with &#8220;Slavko \u0106uruvija Foundation&#8221;, or not signed at all. [&hellip;]","og_url":"https:\/\/www.slavkocuruvijafondacija.rs\/en\/terms-of-use\/","og_site_name":"Slavko \u0106uruvija fondacija","article_publisher":"https:\/\/www.facebook.com\/slavkocuruvijafondacija\/","article_modified_time":"2023-07-27T14:02:10+00:00","og_image":[{"width":900,"height":600,"url":"https:\/\/www.slavkocuruvijafondacija.rs\/wp-content\/uploads\/2021\/03\/SCF-Logo-900-600.jpg","type":"image\/jpeg"}],"twitter_card":"summary_large_image","twitter_site":"@scfondacija","twitter_misc":{"Est. reading time":"1 minute"},"schema":{"@context":"https:\/\/schema.org","@graph":[{"@type":"WebPage","@id":"https:\/\/www.slavkocuruvijafondacija.rs\/en\/terms-of-use\/","url":"https:\/\/www.slavkocuruvijafondacija.rs\/en\/terms-of-use\/","name":"Terms of Use | Slavko \u0106uruvija fondacija","isPartOf":{"@id":"https:\/\/www.slavkocuruvijafondacija.rs\/#website"},"datePublished":"2020-02-04T11:54:32+00:00","dateModified":"2023-07-27T14:02:10+00:00","inLanguage":"en-US","potentialAction":[{"@type":"ReadAction","target":["https:\/\/www.slavkocuruvijafondacija.rs\/en\/terms-of-use\/"]}]},{"@type":"WebSite","@id":"https:\/\/www.slavkocuruvijafondacija.rs\/#website","url":"https:\/\/www.slavkocuruvijafondacija.rs\/","name":"Slavko \u0106uruvija fondacija","description":"Slavko \u0106uruvija fondacija (S\u0106F) radi na promociji i unapre\u0111enju slobodnih, nezavisnih i odgovornih medija u Srbiji.","publisher":{"@id":"https:\/\/www.slavkocuruvijafondacija.rs\/#organization"},"potentialAction":[{"@type":"SearchAction","target":{"@type":"EntryPoint","urlTemplate":"https:\/\/www.slavkocuruvijafondacija.rs\/?s={search_term_string}"},"query-input":{"@type":"PropertyValueSpecification","valueRequired":true,"valueName":"search_term_string"}}],"inLanguage":"en-US"},{"@type":"Organization","@id":"https:\/\/www.slavkocuruvijafondacija.rs\/#organization","name":"Slavko Curuvija Foundation","url":"https:\/\/www.slavkocuruvijafondacija.rs\/","logo":{"@type":"ImageObject","inLanguage":"en-US","@id":"https:\/\/www.slavkocuruvijafondacija.rs\/#\/schema\/logo\/image\/","url":"https:\/\/www.slavkocuruvijafondacija.rs\/wp-content\/uploads\/2021\/03\/SCF-Logo-900-600.jpg","contentUrl":"https:\/\/www.slavkocuruvijafondacija.rs\/wp-content\/uploads\/2021\/03\/SCF-Logo-900-600.jpg","width":900,"height":600,"caption":"Slavko Curuvija Foundation"},"image":{"@id":"https:\/\/www.slavkocuruvijafondacija.rs\/#\/schema\/logo\/image\/"},"sameAs":["https:\/\/www.facebook.com\/slavkocuruvijafondacija\/","https:\/\/x.com\/scfondacija","https:\/\/www.instagram.com\/slavko_curuvija_fondacija\/","https:\/\/www.linkedin.com\/company\/slavko-curuvija-foundation\/","https:\/\/www.youtube.com\/channel\/UCEDcWS1sfG6qvaiBvVJJVRQ"]}]}},"_links":{"self":[{"href":"https:\/\/www.slavkocuruvijafondacija.rs\/en\/wp-json\/wp\/v2\/pages\/5291","targetHints":{"allow":["GET"]}}],"collection":[{"href":"https:\/\/www.slavkocuruvijafondacija.rs\/en\/wp-json\/wp\/v2\/pages"}],"about":[{"href":"https:\/\/www.slavkocuruvijafondacija.rs\/en\/wp-json\/wp\/v2\/types\/page"}],"author":[{"embeddable":true,"href":"https:\/\/www.slavkocuruvijafondacija.rs\/en\/wp-json\/wp\/v2\/users\/4"}],"replies":[{"embeddable":true,"href":"https:\/\/www.slavkocuruvijafondacija.rs\/en\/wp-json\/wp\/v2\/comments?post=5291"}],"version-history":[{"count":10,"href":"https:\/\/www.slavkocuruvijafondacija.rs\/en\/wp-json\/wp\/v2\/pages\/5291\/revisions"}],"predecessor-version":[{"id":8673,"href":"https:\/\/www.slavkocuruvijafondacija.rs\/en\/wp-json\/wp\/v2\/pages\/5291\/revisions\/8673"}],"wp:attachment":[{"href":"https:\/\/www.slavkocuruvijafondacija.rs\/en\/wp-json\/wp\/v2\/media?parent=5291"}],"curies":[{"name":"wp","href":"https:\/\/api.w.org\/{rel}","templated":true}]}}