{"id":4556,"date":"2019-03-31T19:26:49","date_gmt":"2019-03-31T17:26:49","guid":{"rendered":"https:\/\/www.slavkocuruvijafondacija.rs\/?page_id=4556"},"modified":"2023-07-27T16:01:35","modified_gmt":"2023-07-27T14:01:35","slug":"privacy-policy","status":"publish","type":"page","link":"https:\/\/www.slavkocuruvijafondacija.rs\/en\/privacy-policy\/","title":{"rendered":"Privacy Policy"},"content":{"rendered":"<p>&nbsp;<br \/>\nThis Privacy Policy (the \u201cPolicy\u201d) explains who we are, how we collect, share and use Personal Data about you, and how you can exercise your privacy rights.<\/p>\n<p>We are Slavko Curuvija Foundation (\u201cSCF\u201d), a foundation registered in Serbia under <a href=\"https:\/\/www.paragraf.rs\/propisi\/zakon_o_zaduzbinama_i_fondacijama.html\" target=\"_blank\" rel=\"noopener noreferrer\">Serbian Law<\/a>. We are the creators of <a href=\"http:\/\/slavkocuruvijafondacija.rs\" target=\"_blank\" rel=\"noopener noreferrer\">slavkocuruvijafondacija.rs<\/a>, <a href=\"http:\/\/cenzolovka.rs\" target=\"_blank\" rel=\"noopener noreferrer\">cenzolovka.rs<\/a>, <a href=\"http:\/\/skoladigitalnognovinarstva.rs\" target=\"_blank\" rel=\"noopener noreferrer\">skoladigitalnognovinarstva.rs<\/a>,\u00a0 and <a href=\"http:\/\/upravusizanovinare.rs\" target=\"_blank\" rel=\"noopener noreferrer\">upravusizanovinare.rs<\/a>. It is the policy of SCF to respect your privacy, and the privacy of all users of our applications and Services.<\/p>\n<p>This Policy applies to Personal Data that we collect through slavkocuruvijafondacija.rs, cenzolovka.rs, skoladigitalnognovinarstva.rs and upravusizanovinare.rs. SCF reserves the right, at any time and without prior notice, to modify the Policy.<\/p>\n<p>Your privacy is very important to us and we want you to know everything we do and don\u2019t do with the data you provide. Our guiding principle is that any data we collect from you will be treated with the utmost care and respect, and every effort will be made to ensure the data is kept private.<\/p>\n<p>If you have any questions about the Policy, please contact: office[@]slavkocuruvijafondacija.rs<\/p>\n<p>Under applicable law, SCF is the \u201cdata controller\u201d of Personal Data collected through the Services. Personal Data is any data relating to an identified or identifiable natural person.<\/p>\n<h2>What personal data does SCF collect for the Safer Recorder Android application?<\/h2>\n<p>The Personal Data we may collect about you through the Safer Recorder falls into the following general categories:<\/p>\n<p><strong>Information that you provide voluntarily<\/strong><\/p>\n<p>Certain parts of our Services may ask you to provide Personal Data voluntarily. For example, we may ask for certain information in order to use features in our Apps, register an account with us, subscribe to marketing communications from us, and\/or to submit enquiries to us, such as:<\/p>\n<p>&#8211; your name, email address or other contact details.<\/p>\n<p>&#8211; any information you submit to our customer service team in the App or via email.<\/p>\n<p>Any other Personal Data that you are asked to provide, and the reasons why you are asked to provide it, will be explained to you when we ask you to provide your Personal Data.<\/p>\n<p><strong>Information we collect automatically<\/strong><\/p>\n<p>When you use our Services, we may also collect certain information automatically from you and\/or your device which may be considered Personal Data under applicable data protection laws, such as:<\/p>\n<p>&#8211; Data and analytics about your use of our Services (e.g. in-app usage, session length, preferred settings, which in-app advertisements you may have viewed, crash reports, and the means by which you were referred to our Services).<\/p>\n<p>&#8211; Your IP address, device identifiers such as your Advertising ID, other device information, and your general geographic location (e.g. country or city location) based on your IP address.<\/p>\n<p>&#8211; \u201cAdvertising ID\u201d includes the Apple Identifier for Advertisers (\u201cIDFA\u201d) on Apple, and the Google Advertising Identity (\u201cGAID\u201d) on Android. These are unique identifiers for mobile devices that advertisers use for interest-based advertising. They are consistent across all apps and thus allow tracking across apps. These identifiers can be reset from the device\u2019s settings. On Apple, you can opt out by choosing the \u201climit ad tracking\u201d option in the privacy settings. On Android, you can opt out by choosing \u201cOpt out of interest based ads.\u201d<\/p>\n<p>&#8211; Advertising IDs are non-permanent, non-personal identifiers uniquely associated with your device. Similar technologies include tracking pixels within ads. These technologies allow companies (including marketers and advertisers) to recognize your device when you use websites and applications.<\/p>\n<p>&#8211; \u201cDevice information\u201d means device type, model, manufacturer, operating system and language, or other technical data like supported application programming interfaces (\u201cAPIs\u201d), screen size, processor, or a combination of this data, available from a device for a developer to check the device\u2019s compatibility with a particular application.<\/p>\n<p>&#8211; Some of this information may be collected using cookies and\/or similar technologies, such as software development kits (\u201cSDKs\u201d). The Services may use cookies and other technologies such as pixel tags, local shared objects, hardware-based device identifiers, flash cookies, operating system-based identifiers, clear GIFs and web beacons. Cookies are pieces of data that sites and services can set on your browser or device that can be read on future visits. We may expand our use of cookies to save additional data as new features are added to our Services. However, you can disable cookies by changing your browser settings. Further information about how to disable cookies can be found on your Internet browser provider\u2019s help screen.<\/p>\n<p><strong>Information we obtain from third party sources<\/strong><\/p>\n<p>(a) Third party service providers.<\/p>\n<p>We may receive Personal Data about you from third-party sources. We may obtain your Personal Data, for example, when you installed our App or when, prior to installation, you click on an advertisement for the App (see the \u201cThird-Party Advertisements\u201d section below for more information).<\/p>\n<p>In order to better understand our users of the Services, we may conduct research on our customer demographics, interests and behavior based on the information collected. This research may be compiled and analyzed on an aggregate basis, and we may share this aggregate data with our affiliates, agents and business partners. We may also disclose aggregated user statistics in order to describe our services to current and prospective business partners, and to other third parties for other lawful purposes.<\/p>\n<p>SCF may use Google Analytics (see http:\/\/www.google.com\/analytics\/), Google Firebase Analytics (see https:\/\/firebase.google.com\/features\/analytics\/), Crashlytics (see https:\/\/try.crashlytics.com\/terms\/privacy-policy.pdf) or other similar services to collect such information.<\/p>\n<p>The Application makes use of Google Analytics Demographics and Interest Reporting (see https:\/\/support.google.com\/analytics\/answer\/2799357) which gives SCF certain demographic and interest information about our Application users. None of this information, however, can identify you personally to SCF.<\/p>\n","protected":false},"excerpt":{"rendered":"<p>&nbsp; This Privacy Policy (the \u201cPolicy\u201d) explains who we are, how we collect, share and use Personal Data about you, and how you can exercise your privacy rights. We are Slavko Curuvija Foundation (\u201cSCF\u201d), a foundation registered in Serbia under Serbian Law. We are the creators of slavkocuruvijafondacija.rs, cenzolovka.rs, skoladigitalnognovinarstva.rs,\u00a0 and upravusizanovinare.rs. It is the policy of SCF to respect your privacy, and the privacy of all users of our applications and Services. This Policy applies to Personal Data that [&hellip;]<\/p>\n","protected":false},"author":4,"featured_media":0,"parent":0,"menu_order":0,"comment_status":"closed","ping_status":"closed","template":"","meta":{"footnotes":""},"class_list":["post-4556","page","type-page","status-publish","hentry"],"yoast_head":"<!-- This site is optimized with the Yoast SEO plugin v25.6 - https:\/\/yoast.com\/wordpress\/plugins\/seo\/ -->\n<title>Privacy Policy | Slavko \u0106uruvija fondacija<\/title>\n<meta name=\"robots\" content=\"index, follow, max-snippet:-1, max-image-preview:large, max-video-preview:-1\" \/>\n<link rel=\"canonical\" href=\"https:\/\/www.slavkocuruvijafondacija.rs\/en\/privacy-policy\/\" \/>\n<meta property=\"og:locale\" content=\"en_US\" \/>\n<meta property=\"og:type\" content=\"article\" \/>\n<meta property=\"og:title\" content=\"Privacy Policy | Slavko \u0106uruvija fondacija\" \/>\n<meta property=\"og:description\" content=\"&nbsp; This Privacy Policy (the \u201cPolicy\u201d) explains who we are, how we collect, share and use Personal Data about you, and how you can exercise your privacy rights. We are Slavko Curuvija Foundation (\u201cSCF\u201d), a foundation registered in Serbia under Serbian Law. We are the creators of slavkocuruvijafondacija.rs, cenzolovka.rs, skoladigitalnognovinarstva.rs,\u00a0 and upravusizanovinare.rs. It is the policy of SCF to respect your privacy, and the privacy of all users of our applications and Services. This Policy applies to Personal Data that [&hellip;]\" \/>\n<meta property=\"og:url\" content=\"https:\/\/www.slavkocuruvijafondacija.rs\/en\/privacy-policy\/\" \/>\n<meta property=\"og:site_name\" content=\"Slavko \u0106uruvija fondacija\" \/>\n<meta property=\"article:publisher\" content=\"https:\/\/www.facebook.com\/slavkocuruvijafondacija\/\" \/>\n<meta property=\"article:modified_time\" content=\"2023-07-27T14:01:35+00:00\" \/>\n<meta property=\"og:image\" content=\"https:\/\/www.slavkocuruvijafondacija.rs\/wp-content\/uploads\/2021\/03\/SCF-Logo-900-600.jpg\" \/>\n\t<meta property=\"og:image:width\" content=\"900\" \/>\n\t<meta property=\"og:image:height\" content=\"600\" \/>\n\t<meta property=\"og:image:type\" content=\"image\/jpeg\" \/>\n<meta name=\"twitter:card\" content=\"summary_large_image\" \/>\n<meta name=\"twitter:site\" content=\"@scfondacija\" \/>\n<meta name=\"twitter:label1\" content=\"Est. reading time\" \/>\n\t<meta name=\"twitter:data1\" content=\"4 minutes\" \/>\n<script type=\"application\/ld+json\" class=\"yoast-schema-graph\">{\"@context\":\"https:\/\/schema.org\",\"@graph\":[{\"@type\":\"WebPage\",\"@id\":\"https:\/\/www.slavkocuruvijafondacija.rs\/en\/privacy-policy\/\",\"url\":\"https:\/\/www.slavkocuruvijafondacija.rs\/en\/privacy-policy\/\",\"name\":\"Privacy Policy | Slavko \u0106uruvija fondacija\",\"isPartOf\":{\"@id\":\"https:\/\/www.slavkocuruvijafondacija.rs\/#website\"},\"datePublished\":\"2019-03-31T17:26:49+00:00\",\"dateModified\":\"2023-07-27T14:01:35+00:00\",\"inLanguage\":\"en-US\",\"potentialAction\":[{\"@type\":\"ReadAction\",\"target\":[\"https:\/\/www.slavkocuruvijafondacija.rs\/en\/privacy-policy\/\"]}]},{\"@type\":\"WebSite\",\"@id\":\"https:\/\/www.slavkocuruvijafondacija.rs\/#website\",\"url\":\"https:\/\/www.slavkocuruvijafondacija.rs\/\",\"name\":\"Slavko \u0106uruvija fondacija\",\"description\":\"Slavko \u0106uruvija fondacija (S\u0106F) radi na promociji i unapre\u0111enju slobodnih, nezavisnih i odgovornih medija u Srbiji.\",\"publisher\":{\"@id\":\"https:\/\/www.slavkocuruvijafondacija.rs\/#organization\"},\"potentialAction\":[{\"@type\":\"SearchAction\",\"target\":{\"@type\":\"EntryPoint\",\"urlTemplate\":\"https:\/\/www.slavkocuruvijafondacija.rs\/?s={search_term_string}\"},\"query-input\":{\"@type\":\"PropertyValueSpecification\",\"valueRequired\":true,\"valueName\":\"search_term_string\"}}],\"inLanguage\":\"en-US\"},{\"@type\":\"Organization\",\"@id\":\"https:\/\/www.slavkocuruvijafondacija.rs\/#organization\",\"name\":\"Slavko Curuvija Foundation\",\"url\":\"https:\/\/www.slavkocuruvijafondacija.rs\/\",\"logo\":{\"@type\":\"ImageObject\",\"inLanguage\":\"en-US\",\"@id\":\"https:\/\/www.slavkocuruvijafondacija.rs\/#\/schema\/logo\/image\/\",\"url\":\"https:\/\/www.slavkocuruvijafondacija.rs\/wp-content\/uploads\/2021\/03\/SCF-Logo-900-600.jpg\",\"contentUrl\":\"https:\/\/www.slavkocuruvijafondacija.rs\/wp-content\/uploads\/2021\/03\/SCF-Logo-900-600.jpg\",\"width\":900,\"height\":600,\"caption\":\"Slavko Curuvija Foundation\"},\"image\":{\"@id\":\"https:\/\/www.slavkocuruvijafondacija.rs\/#\/schema\/logo\/image\/\"},\"sameAs\":[\"https:\/\/www.facebook.com\/slavkocuruvijafondacija\/\",\"https:\/\/x.com\/scfondacija\",\"https:\/\/www.instagram.com\/slavko_curuvija_fondacija\/\",\"https:\/\/www.linkedin.com\/company\/slavko-curuvija-foundation\/\",\"https:\/\/www.youtube.com\/channel\/UCEDcWS1sfG6qvaiBvVJJVRQ\"]}]}<\/script>\n<!-- \/ Yoast SEO plugin. -->","yoast_head_json":{"title":"Privacy Policy | Slavko \u0106uruvija fondacija","robots":{"index":"index","follow":"follow","max-snippet":"max-snippet:-1","max-image-preview":"max-image-preview:large","max-video-preview":"max-video-preview:-1"},"canonical":"https:\/\/www.slavkocuruvijafondacija.rs\/en\/privacy-policy\/","og_locale":"en_US","og_type":"article","og_title":"Privacy Policy | Slavko \u0106uruvija fondacija","og_description":"&nbsp; This Privacy Policy (the \u201cPolicy\u201d) explains who we are, how we collect, share and use Personal Data about you, and how you can exercise your privacy rights. We are Slavko Curuvija Foundation (\u201cSCF\u201d), a foundation registered in Serbia under Serbian Law. We are the creators of slavkocuruvijafondacija.rs, cenzolovka.rs, skoladigitalnognovinarstva.rs,\u00a0 and upravusizanovinare.rs. It is the policy of SCF to respect your privacy, and the privacy of all users of our applications and Services. This Policy applies to Personal Data that [&hellip;]","og_url":"https:\/\/www.slavkocuruvijafondacija.rs\/en\/privacy-policy\/","og_site_name":"Slavko \u0106uruvija fondacija","article_publisher":"https:\/\/www.facebook.com\/slavkocuruvijafondacija\/","article_modified_time":"2023-07-27T14:01:35+00:00","og_image":[{"width":900,"height":600,"url":"https:\/\/www.slavkocuruvijafondacija.rs\/wp-content\/uploads\/2021\/03\/SCF-Logo-900-600.jpg","type":"image\/jpeg"}],"twitter_card":"summary_large_image","twitter_site":"@scfondacija","twitter_misc":{"Est. reading time":"4 minutes"},"schema":{"@context":"https:\/\/schema.org","@graph":[{"@type":"WebPage","@id":"https:\/\/www.slavkocuruvijafondacija.rs\/en\/privacy-policy\/","url":"https:\/\/www.slavkocuruvijafondacija.rs\/en\/privacy-policy\/","name":"Privacy Policy | Slavko \u0106uruvija fondacija","isPartOf":{"@id":"https:\/\/www.slavkocuruvijafondacija.rs\/#website"},"datePublished":"2019-03-31T17:26:49+00:00","dateModified":"2023-07-27T14:01:35+00:00","inLanguage":"en-US","potentialAction":[{"@type":"ReadAction","target":["https:\/\/www.slavkocuruvijafondacija.rs\/en\/privacy-policy\/"]}]},{"@type":"WebSite","@id":"https:\/\/www.slavkocuruvijafondacija.rs\/#website","url":"https:\/\/www.slavkocuruvijafondacija.rs\/","name":"Slavko \u0106uruvija fondacija","description":"Slavko \u0106uruvija fondacija (S\u0106F) radi na promociji i unapre\u0111enju slobodnih, nezavisnih i odgovornih medija u Srbiji.","publisher":{"@id":"https:\/\/www.slavkocuruvijafondacija.rs\/#organization"},"potentialAction":[{"@type":"SearchAction","target":{"@type":"EntryPoint","urlTemplate":"https:\/\/www.slavkocuruvijafondacija.rs\/?s={search_term_string}"},"query-input":{"@type":"PropertyValueSpecification","valueRequired":true,"valueName":"search_term_string"}}],"inLanguage":"en-US"},{"@type":"Organization","@id":"https:\/\/www.slavkocuruvijafondacija.rs\/#organization","name":"Slavko Curuvija Foundation","url":"https:\/\/www.slavkocuruvijafondacija.rs\/","logo":{"@type":"ImageObject","inLanguage":"en-US","@id":"https:\/\/www.slavkocuruvijafondacija.rs\/#\/schema\/logo\/image\/","url":"https:\/\/www.slavkocuruvijafondacija.rs\/wp-content\/uploads\/2021\/03\/SCF-Logo-900-600.jpg","contentUrl":"https:\/\/www.slavkocuruvijafondacija.rs\/wp-content\/uploads\/2021\/03\/SCF-Logo-900-600.jpg","width":900,"height":600,"caption":"Slavko Curuvija Foundation"},"image":{"@id":"https:\/\/www.slavkocuruvijafondacija.rs\/#\/schema\/logo\/image\/"},"sameAs":["https:\/\/www.facebook.com\/slavkocuruvijafondacija\/","https:\/\/x.com\/scfondacija","https:\/\/www.instagram.com\/slavko_curuvija_fondacija\/","https:\/\/www.linkedin.com\/company\/slavko-curuvija-foundation\/","https:\/\/www.youtube.com\/channel\/UCEDcWS1sfG6qvaiBvVJJVRQ"]}]}},"_links":{"self":[{"href":"https:\/\/www.slavkocuruvijafondacija.rs\/en\/wp-json\/wp\/v2\/pages\/4556","targetHints":{"allow":["GET"]}}],"collection":[{"href":"https:\/\/www.slavkocuruvijafondacija.rs\/en\/wp-json\/wp\/v2\/pages"}],"about":[{"href":"https:\/\/www.slavkocuruvijafondacija.rs\/en\/wp-json\/wp\/v2\/types\/page"}],"author":[{"embeddable":true,"href":"https:\/\/www.slavkocuruvijafondacija.rs\/en\/wp-json\/wp\/v2\/users\/4"}],"replies":[{"embeddable":true,"href":"https:\/\/www.slavkocuruvijafondacija.rs\/en\/wp-json\/wp\/v2\/comments?post=4556"}],"version-history":[{"count":10,"href":"https:\/\/www.slavkocuruvijafondacija.rs\/en\/wp-json\/wp\/v2\/pages\/4556\/revisions"}],"predecessor-version":[{"id":8671,"href":"https:\/\/www.slavkocuruvijafondacija.rs\/en\/wp-json\/wp\/v2\/pages\/4556\/revisions\/8671"}],"wp:attachment":[{"href":"https:\/\/www.slavkocuruvijafondacija.rs\/en\/wp-json\/wp\/v2\/media?parent=4556"}],"curies":[{"name":"wp","href":"https:\/\/api.w.org\/{rel}","templated":true}]}}