{"id":426,"date":"2014-04-18T10:16:05","date_gmt":"2014-04-18T10:16:05","guid":{"rendered":"http:\/\/www.slavkocuruvijafondacija.rs\/?page_id=426"},"modified":"2021-04-02T13:51:11","modified_gmt":"2021-04-02T11:51:11","slug":"slavko-curuvija-legacy","status":"publish","type":"page","link":"https:\/\/www.slavkocuruvijafondacija.rs\/en\/slavko-curuvija-legacy\/","title":{"rendered":"Slavko \u0106uruvija and His Legacy"},"content":{"rendered":"<p>During his career, Slavko \u0106uruvija dealt exclusively with sensitive political issues, primarily through journalistic and editorial work.<\/p>\n<p>He also wrote the book \u201cIbeovac\u201d based on his interviews with Vlada Dapcevic, famous political prisoner in Tito\u2019s time, and he participated in making documentary \u201cAre the prison walls, the walls of hell?\u201d, movie about political prisoners in Yugoslavia.<\/p>\n<p><span style=\"line-height: 1.5em;\">His work was recognized and awarded. After leaving his position as editor-in-chief of the state owned daily Borba, he founded the \u2019Nedeljni Telegraf\u2019 magazine and at the beginning of 1996 the first independent daily &#8211; <\/span><a style=\"line-height: 1.5em;\" href=\"http:\/\/www.slavkocuruvijafondacija.rs\/en\/dnevni-telegraf-2\/\" target=\"_blank\" rel=\"noopener\">\u2018Dnevni telegraf<\/a><span style=\"line-height: 1.5em;\">\u2019.<\/span><\/p>\n<p>The paper became popular within a very short period of time, reaching a circulation of over 100,000 copies. \u2019Dnevni telegraf\u2019 was praised for its unbiased, uncompromising and courageous reporting. Slavko \u0106uruvija was recognized as a brave citizen, a patriot and a man who fought for the democratization of the country through his media work, harshly criticizing Slobodan Milosevic\u2019s regime, supporting students\u2019 protests, presenting a balanced picture of the war in Yugoslavia, and helping change the image of Serbia in the world. Slavko \u00a0\u0106uruvija also founded the <a href=\"http:\/\/www.slavkocuruvijafondacija.rs\/en\/evropljanin-magazine\/\" target=\"_blank\" rel=\"noopener\">\u2019Evropljanin\u2019<\/a> magazine, which was considered as being among the best magazines in the country.<\/p>\n<p>Pursuant to a special media decree, \u2019Dnevni telegraf\u2019 was banned on 14 October 1998 along with several other newspapers. \u2019Dnevni telegraf\u2019 was subsequently published in Montenegro. In March 1999, \u0106uruvija was sentenced to a five month prison term because of his work. His lawyers, however, were able to intervene and prevent \u0106uruvija&#8217;s incarceration.<\/p>\n<p>A month later, on 11 April 1999, \u0106uruvija was shot dead by two masked men in Belgrade. His funeral, despite being held during the bombing and an air raid alert, was attended by several thousand people.<\/p>\n<p>Slavko \u0106uruvija has become a symbol of the fight against repression, and is identified with the battle for free speech, professionalism, journalistic dedication, high quality journalism, courage and ethics.<\/p>\n<p>He was a hero to many and a symbol of resistance to the Milo\u0161evi\u0107 regime. Since his death, his stature has grown as a symbol of the free and independent media and investigative journalism that many Serbians hope for and desire.<\/p>\n<p>Almost 15 years after his murder, the suspected perpetrators were finally arrested, and Serbian officials admitted that the Serbian state was behind Slavko \u0106uruvija\u2019s murder.<\/p>\n<p>Today, there is a street in Belgrade named in his honor and a memorial plaque has been placed on the spot where he was murdered.<\/p>\n<div id='gallery-1' class='gallery galleryid-426 gallery-columns-4 gallery-size-thumbnail'><figure class='gallery-item'>\n\t\t\t<div class='gallery-icon portrait'>\n\t\t\t\t<a href='https:\/\/www.slavkocuruvijafondacija.rs\/wp-content\/uploads\/2014\/01\/027.jpg'><img decoding=\"async\" width=\"150\" height=\"150\" src=\"https:\/\/www.slavkocuruvijafondacija.rs\/wp-content\/uploads\/2014\/01\/027-150x150.jpg\" class=\"attachment-thumbnail size-thumbnail\" alt=\"\" srcset=\"https:\/\/www.slavkocuruvijafondacija.rs\/wp-content\/uploads\/2014\/01\/027-150x150.jpg 150w, https:\/\/www.slavkocuruvijafondacija.rs\/wp-content\/uploads\/2014\/01\/027-125x125.jpg 125w\" sizes=\"(max-width: 150px) 100vw, 150px\" \/><\/a>\n\t\t\t<\/div><\/figure><figure class='gallery-item'>\n\t\t\t<div class='gallery-icon portrait'>\n\t\t\t\t<a href='https:\/\/www.slavkocuruvijafondacija.rs\/wp-content\/uploads\/2014\/01\/SLAVKO1.jpg'><img decoding=\"async\" width=\"139\" height=\"150\" src=\"https:\/\/www.slavkocuruvijafondacija.rs\/wp-content\/uploads\/2014\/01\/SLAVKO1-e1389441862446-139x150.jpg\" class=\"attachment-thumbnail size-thumbnail\" alt=\"\" \/><\/a>\n\t\t\t<\/div><\/figure><figure class='gallery-item'>\n\t\t\t<div class='gallery-icon landscape'>\n\t\t\t\t<a href='https:\/\/www.slavkocuruvijafondacija.rs\/wp-content\/uploads\/2014\/01\/SLAVKO53.jpg'><img decoding=\"async\" width=\"150\" height=\"150\" src=\"https:\/\/www.slavkocuruvijafondacija.rs\/wp-content\/uploads\/2014\/01\/SLAVKO53-150x150.jpg\" class=\"attachment-thumbnail size-thumbnail\" alt=\"\" srcset=\"https:\/\/www.slavkocuruvijafondacija.rs\/wp-content\/uploads\/2014\/01\/SLAVKO53-150x150.jpg 150w, https:\/\/www.slavkocuruvijafondacija.rs\/wp-content\/uploads\/2014\/01\/SLAVKO53-125x125.jpg 125w\" sizes=\"(max-width: 150px) 100vw, 150px\" \/><\/a>\n\t\t\t<\/div><\/figure><figure class='gallery-item'>\n\t\t\t<div class='gallery-icon landscape'>\n\t\t\t\t<a href='https:\/\/www.slavkocuruvijafondacija.rs\/wp-content\/uploads\/2014\/01\/SLAVKO35.jpg'><img decoding=\"async\" width=\"150\" height=\"150\" src=\"https:\/\/www.slavkocuruvijafondacija.rs\/wp-content\/uploads\/2014\/01\/SLAVKO35-150x150.jpg\" class=\"attachment-thumbnail size-thumbnail\" alt=\"\" srcset=\"https:\/\/www.slavkocuruvijafondacija.rs\/wp-content\/uploads\/2014\/01\/SLAVKO35-150x150.jpg 150w, https:\/\/www.slavkocuruvijafondacija.rs\/wp-content\/uploads\/2014\/01\/SLAVKO35-125x125.jpg 125w\" sizes=\"(max-width: 150px) 100vw, 150px\" \/><\/a>\n\t\t\t<\/div><\/figure><figure class='gallery-item'>\n\t\t\t<div class='gallery-icon portrait'>\n\t\t\t\t<a href='https:\/\/www.slavkocuruvijafondacija.rs\/wp-content\/uploads\/2014\/01\/SLAVKO10.jpg'><img decoding=\"async\" width=\"150\" height=\"150\" src=\"https:\/\/www.slavkocuruvijafondacija.rs\/wp-content\/uploads\/2014\/01\/SLAVKO10-150x150.jpg\" class=\"attachment-thumbnail size-thumbnail\" alt=\"\" srcset=\"https:\/\/www.slavkocuruvijafondacija.rs\/wp-content\/uploads\/2014\/01\/SLAVKO10-150x150.jpg 150w, https:\/\/www.slavkocuruvijafondacija.rs\/wp-content\/uploads\/2014\/01\/SLAVKO10-125x125.jpg 125w\" sizes=\"(max-width: 150px) 100vw, 150px\" \/><\/a>\n\t\t\t<\/div><\/figure><figure class='gallery-item'>\n\t\t\t<div class='gallery-icon landscape'>\n\t\t\t\t<a href='https:\/\/www.slavkocuruvijafondacija.rs\/wp-content\/uploads\/2014\/01\/SLAVKO9.jpg'><img decoding=\"async\" width=\"150\" height=\"150\" src=\"https:\/\/www.slavkocuruvijafondacija.rs\/wp-content\/uploads\/2014\/01\/SLAVKO9-150x150.jpg\" class=\"attachment-thumbnail size-thumbnail\" alt=\"\" srcset=\"https:\/\/www.slavkocuruvijafondacija.rs\/wp-content\/uploads\/2014\/01\/SLAVKO9-150x150.jpg 150w, https:\/\/www.slavkocuruvijafondacija.rs\/wp-content\/uploads\/2014\/01\/SLAVKO9-125x125.jpg 125w\" sizes=\"(max-width: 150px) 100vw, 150px\" \/><\/a>\n\t\t\t<\/div><\/figure><figure class='gallery-item'>\n\t\t\t<div class='gallery-icon landscape'>\n\t\t\t\t<a href='https:\/\/www.slavkocuruvijafondacija.rs\/wp-content\/uploads\/2014\/01\/DT49.jpg'><img decoding=\"async\" width=\"150\" height=\"150\" src=\"https:\/\/www.slavkocuruvijafondacija.rs\/wp-content\/uploads\/2014\/01\/DT49-150x150.jpg\" class=\"attachment-thumbnail size-thumbnail\" alt=\"\" srcset=\"https:\/\/www.slavkocuruvijafondacija.rs\/wp-content\/uploads\/2014\/01\/DT49-150x150.jpg 150w, https:\/\/www.slavkocuruvijafondacija.rs\/wp-content\/uploads\/2014\/01\/DT49-125x125.jpg 125w\" sizes=\"(max-width: 150px) 100vw, 150px\" \/><\/a>\n\t\t\t<\/div><\/figure><figure class='gallery-item'>\n\t\t\t<div class='gallery-icon landscape'>\n\t\t\t\t<a href='https:\/\/www.slavkocuruvijafondacija.rs\/wp-content\/uploads\/2014\/01\/DT17.jpg'><img decoding=\"async\" width=\"150\" height=\"150\" src=\"https:\/\/www.slavkocuruvijafondacija.rs\/wp-content\/uploads\/2014\/01\/DT17-150x150.jpg\" class=\"attachment-thumbnail size-thumbnail\" alt=\"\" srcset=\"https:\/\/www.slavkocuruvijafondacija.rs\/wp-content\/uploads\/2014\/01\/DT17-150x150.jpg 150w, https:\/\/www.slavkocuruvijafondacija.rs\/wp-content\/uploads\/2014\/01\/DT17-125x125.jpg 125w\" sizes=\"(max-width: 150px) 100vw, 150px\" \/><\/a>\n\t\t\t<\/div><\/figure>\n\t\t<\/div>\n\n","protected":false},"excerpt":{"rendered":"<p>During his career, Slavko \u0106uruvija dealt exclusively with sensitive political issues, primarily through journalistic and editorial work. He also wrote the book \u201cIbeovac\u201d based on his interviews with Vlada Dapcevic, famous political prisoner in Tito\u2019s time, and he participated in making documentary \u201cAre the prison walls, the walls of hell?\u201d, movie about political prisoners in Yugoslavia. His work was recognized and awarded. After leaving his position as editor-in-chief of the state owned daily Borba, he founded the \u2019Nedeljni Telegraf\u2019 magazine [&hellip;]<\/p>\n","protected":false},"author":4,"featured_media":3883,"parent":0,"menu_order":0,"comment_status":"closed","ping_status":"open","template":"","meta":{"footnotes":""},"class_list":["post-426","page","type-page","status-publish","has-post-thumbnail","hentry"],"yoast_head":"<!-- This site is optimized with the Yoast SEO plugin v25.6 - https:\/\/yoast.com\/wordpress\/plugins\/seo\/ -->\n<title>Slavko \u0106uruvija and His Legacy | Slavko \u0106uruvija fondacija<\/title>\n<meta name=\"robots\" content=\"index, follow, max-snippet:-1, max-image-preview:large, max-video-preview:-1\" \/>\n<link rel=\"canonical\" href=\"https:\/\/www.slavkocuruvijafondacija.rs\/en\/slavko-curuvija-legacy\/\" \/>\n<meta property=\"og:locale\" content=\"en_US\" \/>\n<meta property=\"og:type\" content=\"article\" \/>\n<meta property=\"og:title\" content=\"Slavko \u0106uruvija and His Legacy | Slavko \u0106uruvija fondacija\" \/>\n<meta property=\"og:description\" content=\"During his career, Slavko \u0106uruvija dealt exclusively with sensitive political issues, primarily through journalistic and editorial work. He also wrote the book \u201cIbeovac\u201d based on his interviews with Vlada Dapcevic, famous political prisoner in Tito\u2019s time, and he participated in making documentary \u201cAre the prison walls, the walls of hell?\u201d, movie about political prisoners in Yugoslavia. His work was recognized and awarded. After leaving his position as editor-in-chief of the state owned daily Borba, he founded the \u2019Nedeljni Telegraf\u2019 magazine [&hellip;]\" \/>\n<meta property=\"og:url\" content=\"https:\/\/www.slavkocuruvijafondacija.rs\/en\/slavko-curuvija-legacy\/\" \/>\n<meta property=\"og:site_name\" content=\"Slavko \u0106uruvija fondacija\" \/>\n<meta property=\"article:publisher\" content=\"https:\/\/www.facebook.com\/slavkocuruvijafondacija\/\" \/>\n<meta property=\"article:modified_time\" content=\"2021-04-02T11:51:11+00:00\" \/>\n<meta property=\"og:image\" content=\"https:\/\/www.slavkocuruvijafondacija.rs\/wp-content\/uploads\/2015\/01\/slavkocuruvija006.png\" \/>\n\t<meta property=\"og:image:width\" content=\"884\" \/>\n\t<meta property=\"og:image:height\" content=\"635\" \/>\n\t<meta property=\"og:image:type\" content=\"image\/png\" \/>\n<meta name=\"twitter:card\" content=\"summary_large_image\" \/>\n<meta name=\"twitter:site\" content=\"@scfondacija\" \/>\n<meta name=\"twitter:label1\" content=\"Est. reading time\" \/>\n\t<meta name=\"twitter:data1\" content=\"2 minutes\" \/>\n<script type=\"application\/ld+json\" class=\"yoast-schema-graph\">{\"@context\":\"https:\/\/schema.org\",\"@graph\":[{\"@type\":\"WebPage\",\"@id\":\"https:\/\/www.slavkocuruvijafondacija.rs\/en\/slavko-curuvija-legacy\/\",\"url\":\"https:\/\/www.slavkocuruvijafondacija.rs\/en\/slavko-curuvija-legacy\/\",\"name\":\"Slavko \u0106uruvija and His Legacy | Slavko \u0106uruvija fondacija\",\"isPartOf\":{\"@id\":\"https:\/\/www.slavkocuruvijafondacija.rs\/#website\"},\"primaryImageOfPage\":{\"@id\":\"https:\/\/www.slavkocuruvijafondacija.rs\/en\/slavko-curuvija-legacy\/#primaryimage\"},\"image\":{\"@id\":\"https:\/\/www.slavkocuruvijafondacija.rs\/en\/slavko-curuvija-legacy\/#primaryimage\"},\"thumbnailUrl\":\"https:\/\/www.slavkocuruvijafondacija.rs\/wp-content\/uploads\/2015\/01\/slavkocuruvija006.png\",\"datePublished\":\"2014-04-18T10:16:05+00:00\",\"dateModified\":\"2021-04-02T11:51:11+00:00\",\"inLanguage\":\"en-US\",\"potentialAction\":[{\"@type\":\"ReadAction\",\"target\":[\"https:\/\/www.slavkocuruvijafondacija.rs\/en\/slavko-curuvija-legacy\/\"]}]},{\"@type\":\"ImageObject\",\"inLanguage\":\"en-US\",\"@id\":\"https:\/\/www.slavkocuruvijafondacija.rs\/en\/slavko-curuvija-legacy\/#primaryimage\",\"url\":\"https:\/\/www.slavkocuruvijafondacija.rs\/wp-content\/uploads\/2015\/01\/slavkocuruvija006.png\",\"contentUrl\":\"https:\/\/www.slavkocuruvijafondacija.rs\/wp-content\/uploads\/2015\/01\/slavkocuruvija006.png\",\"width\":884,\"height\":635},{\"@type\":\"WebSite\",\"@id\":\"https:\/\/www.slavkocuruvijafondacija.rs\/#website\",\"url\":\"https:\/\/www.slavkocuruvijafondacija.rs\/\",\"name\":\"Slavko \u0106uruvija fondacija\",\"description\":\"Slavko \u0106uruvija fondacija (S\u0106F) radi na promociji i unapre\u0111enju slobodnih, nezavisnih i odgovornih medija u Srbiji.\",\"publisher\":{\"@id\":\"https:\/\/www.slavkocuruvijafondacija.rs\/#organization\"},\"potentialAction\":[{\"@type\":\"SearchAction\",\"target\":{\"@type\":\"EntryPoint\",\"urlTemplate\":\"https:\/\/www.slavkocuruvijafondacija.rs\/?s={search_term_string}\"},\"query-input\":{\"@type\":\"PropertyValueSpecification\",\"valueRequired\":true,\"valueName\":\"search_term_string\"}}],\"inLanguage\":\"en-US\"},{\"@type\":\"Organization\",\"@id\":\"https:\/\/www.slavkocuruvijafondacija.rs\/#organization\",\"name\":\"Slavko Curuvija Foundation\",\"url\":\"https:\/\/www.slavkocuruvijafondacija.rs\/\",\"logo\":{\"@type\":\"ImageObject\",\"inLanguage\":\"en-US\",\"@id\":\"https:\/\/www.slavkocuruvijafondacija.rs\/#\/schema\/logo\/image\/\",\"url\":\"https:\/\/www.slavkocuruvijafondacija.rs\/wp-content\/uploads\/2021\/03\/SCF-Logo-900-600.jpg\",\"contentUrl\":\"https:\/\/www.slavkocuruvijafondacija.rs\/wp-content\/uploads\/2021\/03\/SCF-Logo-900-600.jpg\",\"width\":900,\"height\":600,\"caption\":\"Slavko Curuvija Foundation\"},\"image\":{\"@id\":\"https:\/\/www.slavkocuruvijafondacija.rs\/#\/schema\/logo\/image\/\"},\"sameAs\":[\"https:\/\/www.facebook.com\/slavkocuruvijafondacija\/\",\"https:\/\/x.com\/scfondacija\",\"https:\/\/www.instagram.com\/slavko_curuvija_fondacija\/\",\"https:\/\/www.linkedin.com\/company\/slavko-curuvija-foundation\/\",\"https:\/\/www.youtube.com\/channel\/UCEDcWS1sfG6qvaiBvVJJVRQ\"]}]}<\/script>\n<!-- \/ Yoast SEO plugin. -->","yoast_head_json":{"title":"Slavko \u0106uruvija and His Legacy | Slavko \u0106uruvija fondacija","robots":{"index":"index","follow":"follow","max-snippet":"max-snippet:-1","max-image-preview":"max-image-preview:large","max-video-preview":"max-video-preview:-1"},"canonical":"https:\/\/www.slavkocuruvijafondacija.rs\/en\/slavko-curuvija-legacy\/","og_locale":"en_US","og_type":"article","og_title":"Slavko \u0106uruvija and His Legacy | Slavko \u0106uruvija fondacija","og_description":"During his career, Slavko \u0106uruvija dealt exclusively with sensitive political issues, primarily through journalistic and editorial work. He also wrote the book \u201cIbeovac\u201d based on his interviews with Vlada Dapcevic, famous political prisoner in Tito\u2019s time, and he participated in making documentary \u201cAre the prison walls, the walls of hell?\u201d, movie about political prisoners in Yugoslavia. His work was recognized and awarded. After leaving his position as editor-in-chief of the state owned daily Borba, he founded the \u2019Nedeljni Telegraf\u2019 magazine [&hellip;]","og_url":"https:\/\/www.slavkocuruvijafondacija.rs\/en\/slavko-curuvija-legacy\/","og_site_name":"Slavko \u0106uruvija fondacija","article_publisher":"https:\/\/www.facebook.com\/slavkocuruvijafondacija\/","article_modified_time":"2021-04-02T11:51:11+00:00","og_image":[{"width":884,"height":635,"url":"https:\/\/www.slavkocuruvijafondacija.rs\/wp-content\/uploads\/2015\/01\/slavkocuruvija006.png","type":"image\/png"}],"twitter_card":"summary_large_image","twitter_site":"@scfondacija","twitter_misc":{"Est. reading time":"2 minutes"},"schema":{"@context":"https:\/\/schema.org","@graph":[{"@type":"WebPage","@id":"https:\/\/www.slavkocuruvijafondacija.rs\/en\/slavko-curuvija-legacy\/","url":"https:\/\/www.slavkocuruvijafondacija.rs\/en\/slavko-curuvija-legacy\/","name":"Slavko \u0106uruvija and His Legacy | Slavko \u0106uruvija fondacija","isPartOf":{"@id":"https:\/\/www.slavkocuruvijafondacija.rs\/#website"},"primaryImageOfPage":{"@id":"https:\/\/www.slavkocuruvijafondacija.rs\/en\/slavko-curuvija-legacy\/#primaryimage"},"image":{"@id":"https:\/\/www.slavkocuruvijafondacija.rs\/en\/slavko-curuvija-legacy\/#primaryimage"},"thumbnailUrl":"https:\/\/www.slavkocuruvijafondacija.rs\/wp-content\/uploads\/2015\/01\/slavkocuruvija006.png","datePublished":"2014-04-18T10:16:05+00:00","dateModified":"2021-04-02T11:51:11+00:00","inLanguage":"en-US","potentialAction":[{"@type":"ReadAction","target":["https:\/\/www.slavkocuruvijafondacija.rs\/en\/slavko-curuvija-legacy\/"]}]},{"@type":"ImageObject","inLanguage":"en-US","@id":"https:\/\/www.slavkocuruvijafondacija.rs\/en\/slavko-curuvija-legacy\/#primaryimage","url":"https:\/\/www.slavkocuruvijafondacija.rs\/wp-content\/uploads\/2015\/01\/slavkocuruvija006.png","contentUrl":"https:\/\/www.slavkocuruvijafondacija.rs\/wp-content\/uploads\/2015\/01\/slavkocuruvija006.png","width":884,"height":635},{"@type":"WebSite","@id":"https:\/\/www.slavkocuruvijafondacija.rs\/#website","url":"https:\/\/www.slavkocuruvijafondacija.rs\/","name":"Slavko \u0106uruvija fondacija","description":"Slavko \u0106uruvija fondacija (S\u0106F) radi na promociji i unapre\u0111enju slobodnih, nezavisnih i odgovornih medija u Srbiji.","publisher":{"@id":"https:\/\/www.slavkocuruvijafondacija.rs\/#organization"},"potentialAction":[{"@type":"SearchAction","target":{"@type":"EntryPoint","urlTemplate":"https:\/\/www.slavkocuruvijafondacija.rs\/?s={search_term_string}"},"query-input":{"@type":"PropertyValueSpecification","valueRequired":true,"valueName":"search_term_string"}}],"inLanguage":"en-US"},{"@type":"Organization","@id":"https:\/\/www.slavkocuruvijafondacija.rs\/#organization","name":"Slavko Curuvija Foundation","url":"https:\/\/www.slavkocuruvijafondacija.rs\/","logo":{"@type":"ImageObject","inLanguage":"en-US","@id":"https:\/\/www.slavkocuruvijafondacija.rs\/#\/schema\/logo\/image\/","url":"https:\/\/www.slavkocuruvijafondacija.rs\/wp-content\/uploads\/2021\/03\/SCF-Logo-900-600.jpg","contentUrl":"https:\/\/www.slavkocuruvijafondacija.rs\/wp-content\/uploads\/2021\/03\/SCF-Logo-900-600.jpg","width":900,"height":600,"caption":"Slavko Curuvija Foundation"},"image":{"@id":"https:\/\/www.slavkocuruvijafondacija.rs\/#\/schema\/logo\/image\/"},"sameAs":["https:\/\/www.facebook.com\/slavkocuruvijafondacija\/","https:\/\/x.com\/scfondacija","https:\/\/www.instagram.com\/slavko_curuvija_fondacija\/","https:\/\/www.linkedin.com\/company\/slavko-curuvija-foundation\/","https:\/\/www.youtube.com\/channel\/UCEDcWS1sfG6qvaiBvVJJVRQ"]}]}},"_links":{"self":[{"href":"https:\/\/www.slavkocuruvijafondacija.rs\/en\/wp-json\/wp\/v2\/pages\/426","targetHints":{"allow":["GET"]}}],"collection":[{"href":"https:\/\/www.slavkocuruvijafondacija.rs\/en\/wp-json\/wp\/v2\/pages"}],"about":[{"href":"https:\/\/www.slavkocuruvijafondacija.rs\/en\/wp-json\/wp\/v2\/types\/page"}],"author":[{"embeddable":true,"href":"https:\/\/www.slavkocuruvijafondacija.rs\/en\/wp-json\/wp\/v2\/users\/4"}],"replies":[{"embeddable":true,"href":"https:\/\/www.slavkocuruvijafondacija.rs\/en\/wp-json\/wp\/v2\/comments?post=426"}],"version-history":[{"count":6,"href":"https:\/\/www.slavkocuruvijafondacija.rs\/en\/wp-json\/wp\/v2\/pages\/426\/revisions"}],"predecessor-version":[{"id":6369,"href":"https:\/\/www.slavkocuruvijafondacija.rs\/en\/wp-json\/wp\/v2\/pages\/426\/revisions\/6369"}],"wp:featuredmedia":[{"embeddable":true,"href":"https:\/\/www.slavkocuruvijafondacija.rs\/en\/wp-json\/wp\/v2\/media\/3883"}],"wp:attachment":[{"href":"https:\/\/www.slavkocuruvijafondacija.rs\/en\/wp-json\/wp\/v2\/media?parent=426"}],"curies":[{"name":"wp","href":"https:\/\/api.w.org\/{rel}","templated":true}]}}