{"id":413,"date":"2014-04-18T09:15:54","date_gmt":"2014-04-18T09:15:54","guid":{"rendered":"http:\/\/www.slavkocuruvijafondacija.rs\/?page_id=413"},"modified":"2025-07-22T14:25:52","modified_gmt":"2025-07-22T12:25:52","slug":"slavko-curuvija-foundations-partners","status":"publish","type":"page","link":"https:\/\/www.slavkocuruvijafondacija.rs\/en\/slavko-curuvija-foundations-partners\/","title":{"rendered":"Slavko Curuvija Foundation&#8217;s partners"},"content":{"rendered":"<div class=\"partnercontainer\">\n<div class=\"partnerentry\">\n<div class=\"entryitem logobox\"><img decoding=\"async\" class=\"partnersrc\" src=\"https:\/\/www.slavkocuruvijafondacija.rs\/wp-content\/uploads\/2014\/01\/rbg-logo-new.png\" alt=\"\" width=\"251\" height=\"64\" \/><\/div>\n<div class=\"entryitem textbox\">The Rockefeller Brothers Fund (RBF) advances social change that contributes to a more just, sustainable, and peaceful world.<\/div>\n<\/div>\n<div class=\"partnerentry\">\n<div class=\"entryitem logobox\"><img decoding=\"async\" class=\"partnersrc\" src=\"https:\/\/www.slavkocuruvijafondacija.rs\/wp-content\/uploads\/2014\/01\/ned-logo-new.jpg\" alt=\"\" width=\"250\" height=\"59\" \/><\/div>\n<div class=\"entryitem textbox\">National Endowment for Democracy (NED) is a private, nonprofit foundation dedicated to the growth and strengthening of democratic institutions around the world.<\/div>\n<\/div>\n<div class=\"entryitem partnerentry\">\n<div class=\"entryitem logobox\"><img decoding=\"async\" class=\"partnersrc\" src=\"https:\/\/www.slavkocuruvijafondacija.rs\/wp-content\/uploads\/2014\/01\/btd-ogo.jpg\" alt=\"\" \/><\/div>\n<div class=\"textbox\">\n<p>The Balkan Trust for Democracy (BTD), a German Marshall Fund of the United States (GMF) project, is a grantmaking initiative that supports democracy, good governance, and Euroatlantic integration throughout Southeastern Europe.<\/p>\n<\/div>\n<\/div>\n<\/div>\n<p>&nbsp;<\/p>\n<h3 style=\"text-align: center;\">PREVIOUSLY SUPPORTED BY<\/h3>\n<p>&nbsp;<\/p>\n<div class=\"partnercontainer\">\n<div class=\"entryitem partnerentry\">\n<div class=\"entryitem logobox\"><img decoding=\"async\" class=\"partnersrc\" src=\"https:\/\/www.slavkocuruvijafondacija.rs\/wp-content\/uploads\/2023\/05\/Office_Farbe_en-1.jpg\" alt=\"\" width=\"250\" height=\"\" \/><\/div>\n<div class=\"textbox\">\nThe Embassy of the Federal Republic of Germany in Belgrade supports the project of Slavko \u0106uruvija Foundation \u201cEnsuring Justice for Freedom of Expression: Measuring Effectiveness of Judicial Protection.\u201d<br \/>\nTrough systematic monitoring of the judicial practice, the project aims to influence legal and institutional practices for protection of freedom of expression and to provide media community with practical guidance in defense of SLAPPs.\n<\/div>\n<\/div>\n<div class=\"entryitem partnerentry\">\n<div class=\"entryitem logobox\"><img decoding=\"async\" class=\"partnersrc\" src=\"https:\/\/www.slavkocuruvijafondacija.rs\/wp-content\/uploads\/2023\/10\/norveska-smartbalkans.-cz-vizibiliti.jpg\" alt=\"\" width=\"250\" height=\"\" \/><\/div>\n<div class=\"textbox\">\nS\u0106F was supported by the regional project SMART Balkans \u2013 Civil Society for a Connected Western Balkans, which was implemented by the Center for Civil Society Promotion (CPCD), the Center for Research and Policy Making (CRPM), and the Institute for Democracy and Mediation (IDM), and financially supported by the Ministry of Foreign Affairs of the Kingdom of Norway.\n<\/div>\n<\/div>\n<div class=\"entryitem partnerentry\">\n<div class=\"entryitem logobox\"><img decoding=\"async\" class=\"partnersrc\" src=\"https:\/\/www.slavkocuruvijafondacija.rs\/wp-content\/uploads\/2014\/01\/kingdom-of-the-netherlands-matra-logo-scaled.jpg\" alt=\"\" width=\"251\" height=\"105\" \/><\/div>\n<div class=\"textbox\">\n<p>With the help of Netherlands embassy in Belgrade\u2019s MATRA programme, Slavko Curuvija Foundation systematically researched legal and institutional flaws which lead to impunity for violent acts against journalists in Serbia, while online media &#8220;Cenzolovka&#8221; reported on cases in which journalists safety was compromised.<\/p>\n<\/div>\n<\/div>\n<div class=\"entryitem partnerentry\">\n<div class=\"entryitem logobox\"><img decoding=\"async\" class=\"partnersrc\" src=\"https:\/\/www.slavkocuruvijafondacija.rs\/wp-content\/uploads\/2014\/01\/fod-logo-new.png\" alt=\"\" \/><\/div>\n<div class=\"textbox\">\n<p>Open Society Foundation Serbia is a non-government, non-political, non-profit organization that develops and supports projects and activities aimed towards the development of democratic culture, openness, respecting differences and human rights, promoting rule of law, good governance, responsibility of public officials and civil involvement in public affairs with the aim of creating a sustainable development of democratic and open society in Serbia.<\/p>\n<\/div>\n<\/div>\n<div class=\"entryitem partnerentry\">\n<div class=\"entryitem logobox\"><img decoding=\"async\" class=\"partnersrc\" src=\"https:\/\/www.slavkocuruvijafondacija.rs\/wp-content\/uploads\/2014\/01\/DOS-Seal-Slideshow-1-1140x440-1-1140x440-1.jpg\" alt=\"#eu za tebe\" width=\"250\" height=\"\" \/><\/div>\n<div class=\"textbox\">\n<p>Slavko \u0106uruvija Foundation was being supported by the U.S. Embassy in Serbia.<\/p>\n<\/div>\n<\/div>\n<div class=\"entryitem partnerentry\">\n<div class=\"entryitem logobox\"><img decoding=\"async\" class=\"partnersrc\" src=\"https:\/\/www.cenzolovka.rs\/wp-content\/uploads\/2020\/02\/eu-za-tebe-logo.png\" alt=\"#eu za tebe\" width=\"250\" height=\"\" \/><\/div>\n<div class=\"textbox\">\n<p>Slavko \u0106uruvija Foundation projects &#8220;Safeguarding the Right to Freedom of Speech through Judicial System in Serbia&#8221; and &#8220;Back to basics \u2013 Parliament as a backbone for the rule of law&#8221; were supported by the European Union.<\/p>\n<\/div>\n<\/div>\n<div class=\"entryitem partnerentry\">\n<div class=\"entryitem logobox\"><img decoding=\"async\" class=\"partnersrc\" src=\"https:\/\/www.slavkocuruvijafondacija.rs\/wp-content\/uploads\/2014\/01\/canada-logo-e1575729526693.jpg\" alt=\"\" width=\"248\" height=\"59\" \/><\/div>\n<div class=\"textbox\">\n<p>Our online news outlet \u201cCenzolovka\u201c was supported by the Embassy of Canada in Belgrade.<\/p>\n<\/div>\n<\/div>\n<div class=\"entryitem partnerentry\">\n<div class=\"entryitem logobox\"><img decoding=\"async\" class=\"partnersrc\" src=\"https:\/\/www.slavkocuruvijafondacija.rs\/wp-content\/uploads\/2014\/01\/usaid-od-americkog-naroda-logo.png\" alt=\"\" width=\"270\" height=\"90\" \/><\/div>\n<div class=\"textbox\">\n<p>Thanks to the support of the United States Agency for International Development (USAID), the Slavko \u0106uruvija Foundation worked on empowering the media scene in eight cities across Serbia through public debates about problems concerning journalists and media, and possible solutions.<\/p>\n<\/div>\n<\/div>\n<div class=\"entryitem partnerentry\">\n<div class=\"entryitem logobox\"><img decoding=\"async\" class=\"partnersrc\" src=\"https:\/\/www.slavkocuruvijafondacija.rs\/wp-content\/uploads\/2014\/01\/kraljevina-danska-logo.png\" alt=\"\" \/><\/div>\n<div class=\"textbox\">\n<p>Slavko \u0106uruvija Foundation was supported by the Embassy of The Kingdom of Denmark in Serbia.<\/p>\n<\/div>\n<\/div>\n<div class=\"entryitem partnerentry\">\n<div class=\"entryitem logobox\"><img decoding=\"async\" class=\"partnersrc\" src=\"https:\/\/www.slavkocuruvijafondacija.rs\/wp-content\/uploads\/2014\/01\/australijskaambasada-fix-1-1.jpg\" alt=\"\" \/><\/div>\n<div class=\"textbox\">\n<p>Slavko \u0106uruvija Foundation was supported by the Australian embassy in Serbia.<\/p>\n<\/div>\n<\/div>\n<div class=\"entryitem partnerentry\">\n<div class=\"entryitem logobox\"><img decoding=\"async\" class=\"partnersrc\" src=\"https:\/\/www.slavkocuruvijafondacija.rs\/wp-content\/uploads\/2014\/01\/kazi-trazi-logo-new.png\" alt=\"\" width=\"170\" height=\"140\" \/><\/div>\n<div class=\"textbox\">\n<p>Part of the content published on \u201cCenzolovka\u201d was secured through the initiative \u201cPublic money for public interest\u201c, run by BIRN, NUNS, and Slavko \u0106uruvija Foundation, which was funded by the European Union.<\/p>\n<\/div>\n<\/div>\n<\/div>\n","protected":false},"excerpt":{"rendered":"<p>The Rockefeller Brothers Fund (RBF) advances social change that contributes to a more just, sustainable, and peaceful world. National Endowment for Democracy (NED) is a private, nonprofit foundation dedicated to the growth and strengthening of democratic institutions around the world. The Balkan Trust for Democracy (BTD), a German Marshall Fund of the United States (GMF) project, is a grantmaking initiative that supports democracy, good governance, and Euroatlantic integration throughout Southeastern Europe. &nbsp; PREVIOUSLY SUPPORTED BY &nbsp; The Embassy of the [&hellip;]<\/p>\n","protected":false},"author":4,"featured_media":0,"parent":0,"menu_order":0,"comment_status":"closed","ping_status":"open","template":"","meta":{"footnotes":""},"class_list":["post-413","page","type-page","status-publish","hentry"],"yoast_head":"<!-- This site is optimized with the Yoast SEO plugin v25.6 - https:\/\/yoast.com\/wordpress\/plugins\/seo\/ -->\n<title>Slavko Curuvija Foundation&#039;s partners | Slavko \u0106uruvija fondacija<\/title>\n<meta name=\"robots\" content=\"index, follow, max-snippet:-1, max-image-preview:large, max-video-preview:-1\" \/>\n<link rel=\"canonical\" href=\"https:\/\/www.slavkocuruvijafondacija.rs\/en\/slavko-curuvija-foundations-partners\/\" \/>\n<meta property=\"og:locale\" content=\"en_US\" \/>\n<meta property=\"og:type\" content=\"article\" \/>\n<meta property=\"og:title\" content=\"Slavko Curuvija Foundation&#039;s partners | Slavko \u0106uruvija fondacija\" \/>\n<meta property=\"og:description\" content=\"The Rockefeller Brothers Fund (RBF) advances social change that contributes to a more just, sustainable, and peaceful world. National Endowment for Democracy (NED) is a private, nonprofit foundation dedicated to the growth and strengthening of democratic institutions around the world. The Balkan Trust for Democracy (BTD), a German Marshall Fund of the United States (GMF) project, is a grantmaking initiative that supports democracy, good governance, and Euroatlantic integration throughout Southeastern Europe. &nbsp; PREVIOUSLY SUPPORTED BY &nbsp; The Embassy of the [&hellip;]\" \/>\n<meta property=\"og:url\" content=\"https:\/\/www.slavkocuruvijafondacija.rs\/en\/slavko-curuvija-foundations-partners\/\" \/>\n<meta property=\"og:site_name\" content=\"Slavko \u0106uruvija fondacija\" \/>\n<meta property=\"article:publisher\" content=\"https:\/\/www.facebook.com\/slavkocuruvijafondacija\/\" \/>\n<meta property=\"article:modified_time\" content=\"2025-07-22T12:25:52+00:00\" \/>\n<meta property=\"og:image\" content=\"https:\/\/www.slavkocuruvijafondacija.rs\/wp-content\/uploads\/2014\/01\/rbg-logo-new.png\" \/>\n<meta name=\"twitter:card\" content=\"summary_large_image\" \/>\n<meta name=\"twitter:site\" content=\"@scfondacija\" \/>\n<meta name=\"twitter:label1\" content=\"Est. reading time\" \/>\n\t<meta name=\"twitter:data1\" content=\"6 minutes\" \/>\n<script type=\"application\/ld+json\" class=\"yoast-schema-graph\">{\"@context\":\"https:\/\/schema.org\",\"@graph\":[{\"@type\":\"WebPage\",\"@id\":\"https:\/\/www.slavkocuruvijafondacija.rs\/en\/slavko-curuvija-foundations-partners\/\",\"url\":\"https:\/\/www.slavkocuruvijafondacija.rs\/en\/slavko-curuvija-foundations-partners\/\",\"name\":\"Slavko Curuvija Foundation's partners | Slavko \u0106uruvija fondacija\",\"isPartOf\":{\"@id\":\"https:\/\/www.slavkocuruvijafondacija.rs\/#website\"},\"primaryImageOfPage\":{\"@id\":\"https:\/\/www.slavkocuruvijafondacija.rs\/en\/slavko-curuvija-foundations-partners\/#primaryimage\"},\"image\":{\"@id\":\"https:\/\/www.slavkocuruvijafondacija.rs\/en\/slavko-curuvija-foundations-partners\/#primaryimage\"},\"thumbnailUrl\":\"https:\/\/www.slavkocuruvijafondacija.rs\/wp-content\/uploads\/2014\/01\/rbg-logo-new.png\",\"datePublished\":\"2014-04-18T09:15:54+00:00\",\"dateModified\":\"2025-07-22T12:25:52+00:00\",\"inLanguage\":\"en-US\",\"potentialAction\":[{\"@type\":\"ReadAction\",\"target\":[\"https:\/\/www.slavkocuruvijafondacija.rs\/en\/slavko-curuvija-foundations-partners\/\"]}]},{\"@type\":\"ImageObject\",\"inLanguage\":\"en-US\",\"@id\":\"https:\/\/www.slavkocuruvijafondacija.rs\/en\/slavko-curuvija-foundations-partners\/#primaryimage\",\"url\":\"https:\/\/www.slavkocuruvijafondacija.rs\/wp-content\/uploads\/2014\/01\/rbg-logo-new.png\",\"contentUrl\":\"https:\/\/www.slavkocuruvijafondacija.rs\/wp-content\/uploads\/2014\/01\/rbg-logo-new.png\"},{\"@type\":\"WebSite\",\"@id\":\"https:\/\/www.slavkocuruvijafondacija.rs\/#website\",\"url\":\"https:\/\/www.slavkocuruvijafondacija.rs\/\",\"name\":\"Slavko \u0106uruvija fondacija\",\"description\":\"Slavko \u0106uruvija fondacija (S\u0106F) radi na promociji i unapre\u0111enju slobodnih, nezavisnih i odgovornih medija u Srbiji.\",\"publisher\":{\"@id\":\"https:\/\/www.slavkocuruvijafondacija.rs\/#organization\"},\"potentialAction\":[{\"@type\":\"SearchAction\",\"target\":{\"@type\":\"EntryPoint\",\"urlTemplate\":\"https:\/\/www.slavkocuruvijafondacija.rs\/?s={search_term_string}\"},\"query-input\":{\"@type\":\"PropertyValueSpecification\",\"valueRequired\":true,\"valueName\":\"search_term_string\"}}],\"inLanguage\":\"en-US\"},{\"@type\":\"Organization\",\"@id\":\"https:\/\/www.slavkocuruvijafondacija.rs\/#organization\",\"name\":\"Slavko Curuvija Foundation\",\"url\":\"https:\/\/www.slavkocuruvijafondacija.rs\/\",\"logo\":{\"@type\":\"ImageObject\",\"inLanguage\":\"en-US\",\"@id\":\"https:\/\/www.slavkocuruvijafondacija.rs\/#\/schema\/logo\/image\/\",\"url\":\"https:\/\/www.slavkocuruvijafondacija.rs\/wp-content\/uploads\/2021\/03\/SCF-Logo-900-600.jpg\",\"contentUrl\":\"https:\/\/www.slavkocuruvijafondacija.rs\/wp-content\/uploads\/2021\/03\/SCF-Logo-900-600.jpg\",\"width\":900,\"height\":600,\"caption\":\"Slavko Curuvija Foundation\"},\"image\":{\"@id\":\"https:\/\/www.slavkocuruvijafondacija.rs\/#\/schema\/logo\/image\/\"},\"sameAs\":[\"https:\/\/www.facebook.com\/slavkocuruvijafondacija\/\",\"https:\/\/x.com\/scfondacija\",\"https:\/\/www.instagram.com\/slavko_curuvija_fondacija\/\",\"https:\/\/www.linkedin.com\/company\/slavko-curuvija-foundation\/\",\"https:\/\/www.youtube.com\/channel\/UCEDcWS1sfG6qvaiBvVJJVRQ\"]}]}<\/script>\n<!-- \/ Yoast SEO plugin. -->","yoast_head_json":{"title":"Slavko Curuvija Foundation's partners | Slavko \u0106uruvija fondacija","robots":{"index":"index","follow":"follow","max-snippet":"max-snippet:-1","max-image-preview":"max-image-preview:large","max-video-preview":"max-video-preview:-1"},"canonical":"https:\/\/www.slavkocuruvijafondacija.rs\/en\/slavko-curuvija-foundations-partners\/","og_locale":"en_US","og_type":"article","og_title":"Slavko Curuvija Foundation's partners | Slavko \u0106uruvija fondacija","og_description":"The Rockefeller Brothers Fund (RBF) advances social change that contributes to a more just, sustainable, and peaceful world. National Endowment for Democracy (NED) is a private, nonprofit foundation dedicated to the growth and strengthening of democratic institutions around the world. The Balkan Trust for Democracy (BTD), a German Marshall Fund of the United States (GMF) project, is a grantmaking initiative that supports democracy, good governance, and Euroatlantic integration throughout Southeastern Europe. &nbsp; PREVIOUSLY SUPPORTED BY &nbsp; The Embassy of the [&hellip;]","og_url":"https:\/\/www.slavkocuruvijafondacija.rs\/en\/slavko-curuvija-foundations-partners\/","og_site_name":"Slavko \u0106uruvija fondacija","article_publisher":"https:\/\/www.facebook.com\/slavkocuruvijafondacija\/","article_modified_time":"2025-07-22T12:25:52+00:00","og_image":[{"url":"https:\/\/www.slavkocuruvijafondacija.rs\/wp-content\/uploads\/2014\/01\/rbg-logo-new.png","type":"","width":"","height":""}],"twitter_card":"summary_large_image","twitter_site":"@scfondacija","twitter_misc":{"Est. reading time":"6 minutes"},"schema":{"@context":"https:\/\/schema.org","@graph":[{"@type":"WebPage","@id":"https:\/\/www.slavkocuruvijafondacija.rs\/en\/slavko-curuvija-foundations-partners\/","url":"https:\/\/www.slavkocuruvijafondacija.rs\/en\/slavko-curuvija-foundations-partners\/","name":"Slavko Curuvija Foundation's partners | Slavko \u0106uruvija fondacija","isPartOf":{"@id":"https:\/\/www.slavkocuruvijafondacija.rs\/#website"},"primaryImageOfPage":{"@id":"https:\/\/www.slavkocuruvijafondacija.rs\/en\/slavko-curuvija-foundations-partners\/#primaryimage"},"image":{"@id":"https:\/\/www.slavkocuruvijafondacija.rs\/en\/slavko-curuvija-foundations-partners\/#primaryimage"},"thumbnailUrl":"https:\/\/www.slavkocuruvijafondacija.rs\/wp-content\/uploads\/2014\/01\/rbg-logo-new.png","datePublished":"2014-04-18T09:15:54+00:00","dateModified":"2025-07-22T12:25:52+00:00","inLanguage":"en-US","potentialAction":[{"@type":"ReadAction","target":["https:\/\/www.slavkocuruvijafondacija.rs\/en\/slavko-curuvija-foundations-partners\/"]}]},{"@type":"ImageObject","inLanguage":"en-US","@id":"https:\/\/www.slavkocuruvijafondacija.rs\/en\/slavko-curuvija-foundations-partners\/#primaryimage","url":"https:\/\/www.slavkocuruvijafondacija.rs\/wp-content\/uploads\/2014\/01\/rbg-logo-new.png","contentUrl":"https:\/\/www.slavkocuruvijafondacija.rs\/wp-content\/uploads\/2014\/01\/rbg-logo-new.png"},{"@type":"WebSite","@id":"https:\/\/www.slavkocuruvijafondacija.rs\/#website","url":"https:\/\/www.slavkocuruvijafondacija.rs\/","name":"Slavko \u0106uruvija fondacija","description":"Slavko \u0106uruvija fondacija (S\u0106F) radi na promociji i unapre\u0111enju slobodnih, nezavisnih i odgovornih medija u Srbiji.","publisher":{"@id":"https:\/\/www.slavkocuruvijafondacija.rs\/#organization"},"potentialAction":[{"@type":"SearchAction","target":{"@type":"EntryPoint","urlTemplate":"https:\/\/www.slavkocuruvijafondacija.rs\/?s={search_term_string}"},"query-input":{"@type":"PropertyValueSpecification","valueRequired":true,"valueName":"search_term_string"}}],"inLanguage":"en-US"},{"@type":"Organization","@id":"https:\/\/www.slavkocuruvijafondacija.rs\/#organization","name":"Slavko Curuvija Foundation","url":"https:\/\/www.slavkocuruvijafondacija.rs\/","logo":{"@type":"ImageObject","inLanguage":"en-US","@id":"https:\/\/www.slavkocuruvijafondacija.rs\/#\/schema\/logo\/image\/","url":"https:\/\/www.slavkocuruvijafondacija.rs\/wp-content\/uploads\/2021\/03\/SCF-Logo-900-600.jpg","contentUrl":"https:\/\/www.slavkocuruvijafondacija.rs\/wp-content\/uploads\/2021\/03\/SCF-Logo-900-600.jpg","width":900,"height":600,"caption":"Slavko Curuvija Foundation"},"image":{"@id":"https:\/\/www.slavkocuruvijafondacija.rs\/#\/schema\/logo\/image\/"},"sameAs":["https:\/\/www.facebook.com\/slavkocuruvijafondacija\/","https:\/\/x.com\/scfondacija","https:\/\/www.instagram.com\/slavko_curuvija_fondacija\/","https:\/\/www.linkedin.com\/company\/slavko-curuvija-foundation\/","https:\/\/www.youtube.com\/channel\/UCEDcWS1sfG6qvaiBvVJJVRQ"]}]}},"_links":{"self":[{"href":"https:\/\/www.slavkocuruvijafondacija.rs\/en\/wp-json\/wp\/v2\/pages\/413","targetHints":{"allow":["GET"]}}],"collection":[{"href":"https:\/\/www.slavkocuruvijafondacija.rs\/en\/wp-json\/wp\/v2\/pages"}],"about":[{"href":"https:\/\/www.slavkocuruvijafondacija.rs\/en\/wp-json\/wp\/v2\/types\/page"}],"author":[{"embeddable":true,"href":"https:\/\/www.slavkocuruvijafondacija.rs\/en\/wp-json\/wp\/v2\/users\/4"}],"replies":[{"embeddable":true,"href":"https:\/\/www.slavkocuruvijafondacija.rs\/en\/wp-json\/wp\/v2\/comments?post=413"}],"version-history":[{"count":50,"href":"https:\/\/www.slavkocuruvijafondacija.rs\/en\/wp-json\/wp\/v2\/pages\/413\/revisions"}],"predecessor-version":[{"id":10369,"href":"https:\/\/www.slavkocuruvijafondacija.rs\/en\/wp-json\/wp\/v2\/pages\/413\/revisions\/10369"}],"wp:attachment":[{"href":"https:\/\/www.slavkocuruvijafondacija.rs\/en\/wp-json\/wp\/v2\/media?parent=413"}],"curies":[{"name":"wp","href":"https:\/\/api.w.org\/{rel}","templated":true}]}}