{"id":10517,"date":"2026-01-16T16:24:08","date_gmt":"2026-01-16T15:24:08","guid":{"rendered":"https:\/\/www.slavkocuruvijafondacija.rs\/?page_id=10517"},"modified":"2026-04-06T12:13:27","modified_gmt":"2026-04-06T10:13:27","slug":"targeted-by-power","status":"publish","type":"page","link":"https:\/\/www.slavkocuruvijafondacija.rs\/en\/targeted-by-power\/","title":{"rendered":"Targeted by Power"},"content":{"rendered":"<hr \/>\n<h2>Monthly digest of incidents in which high-ranking Serbian officials have used their positions of power to intimidate and target critical journalists and media outlets.<\/h2>\n<p>&nbsp;<\/p>\n<p><a href=\"https:\/\/us11.campaign-archive.com\/?u=95d36d862b3ac8fb209db4596&amp;id=2c18b49310\" target=\"_blank\" rel=\"noopener\">Issue #1 &#8211; August 2025<\/a><\/p>\n<p><a href=\"https:\/\/us11.campaign-archive.com\/?u=95d36d862b3ac8fb209db4596&amp;id=6cfc15f5a1\" target=\"_blank\" rel=\"noopener\">Issue #2 &#8211; September 2025<\/a><\/p>\n<p><a title=\"Targeted by Power: Monthly Report - Serbia's Politicians vs. Journalists, August 2025 - Issue #1\" href=\"https:\/\/us11.campaign-archive.com\/?u=95d36d862b3ac8fb209db4596&amp;id=ff7c0b32db\" target=\"_blank\" rel=\"noopener\">Issue #3 &#8211; October 2025<\/a><\/p>\n<p><a href=\"https:\/\/us11.campaign-archive.com\/?u=95d36d862b3ac8fb209db4596&amp;id=5e3d1d6822\" target=\"_blank\" rel=\"noopener\">Issue #4 &#8211; November 2025<\/a><\/p>\n<p><a title=\"Targeted by Power: Monthly Report - Serbia's Politicians vs. Journalists, August 2025 - Issue #1\" href=\"https:\/\/us11.campaign-archive.com\/?u=95d36d862b3ac8fb209db4596&amp;id=d7efc4fe7c\" target=\"_blank\" rel=\"noopener\">Issue #5 &#8211; December 2025<\/a><\/p>\n<p><a href=\"https:\/\/us11.campaign-archive.com\/?u=95d36d862b3ac8fb209db4596&amp;id=d98b5dae12\" target=\"_blank\" rel=\"noopener\">Issue #6 &#8211; January 2026<\/a><\/p>\n<p><a href=\"https:\/\/mailchi.mp\/895c384b0d8d\/targeted-by-power-monthly-report-serbias-politicians-vs-journalists-december-2025-issue-6425241\" target=\"_blank\" rel=\"noopener\">Issue #7 &#8211; February 2026<\/a><\/p>\n<p><a href=\"https:\/\/mailchi.mp\/9b2c6e9365c7\/targeted-by-power-monthly-report-serbias-politicians-vs-journalists-december-2025-issue-6425894?e=9a28aacec7\">Issue #8 &#8211; March 2026<\/a><\/p>\n<p><em>If you would like to receive the monthly digest via email you can sign up <a href=\"https:\/\/mailchi.mp\/cb67e10c8e3f\/s6t0kzsjgo\" target=\"_blank\" rel=\"noopener\">HERE<\/a>.<\/em><\/p>\n<p>&nbsp;<\/p>\n<p>For over a decade, media freedom in Serbia has been in a constant state of decline, a trend documented by all relevant domestic and international reports and indices. The inadequate protection of journalists&#8217; safety is a key factor contributing to the erosion of freedom of expression. Beyond the inefficient institutional and judicial response to physical attacks, intimidation, and threats, the frequent public confrontations initiated by the highest echelons of government against critical journalists and entire newsrooms also contribute to the overall atmosphere in Serbia, where journalism has become a high-risk profession.<\/p>\n<p>In its latest report (2024), the European Commission called on Serbia to strengthen the protection of journalists&#8217; safety, particularly by ensuring that \u201chigh-ranking officials refrain from labelling and verbally attacking journalists\u201d.<\/p>\n<p>This atmosphere of vilification, created by the very top of the government, not only encourages violence against journalists but also leads to the institutional ignorance and obstruction of investigations into these attacks.<\/p>\n<p>Regime repression is increased against participants in student and civil protests following the deadly fall of a canopy at the Novi Sad railway station, which killed 16 people \u2013 the frequency and intensity of public targeting of media and journalists by high-ranking state officials have reached an alarming level.<\/p>\n<p class=\"last-child\">We believe this monthly digest of such verbal attacks will provide crucial insight into the environment Serbian journalists operate in and the significant challenges that lie ahead in the country&#8217;s reform processes.<\/p>\n","protected":false},"excerpt":{"rendered":"<p>Monthly digest of incidents in which high-ranking Serbian officials have used their positions of power to intimidate and target critical journalists and media outlets. &nbsp; Issue #1 &#8211; August 2025 Issue #2 &#8211; September 2025 Issue #3 &#8211; October 2025 Issue #4 &#8211; November 2025 Issue #5 &#8211; December 2025 Issue #6 &#8211; January 2026 Issue #7 &#8211; February 2026 Issue #8 &#8211; March 2026 If you would like to receive the monthly digest via email you can sign up [&hellip;]<\/p>\n","protected":false},"author":11,"featured_media":10518,"parent":0,"menu_order":0,"comment_status":"closed","ping_status":"closed","template":"","meta":{"footnotes":""},"class_list":["post-10517","page","type-page","status-publish","has-post-thumbnail","hentry"],"yoast_head":"<!-- This site is optimized with the Yoast SEO plugin v25.6 - https:\/\/yoast.com\/wordpress\/plugins\/seo\/ -->\n<title>Targeted by Power | Slavko \u0106uruvija fondacija<\/title>\n<meta name=\"robots\" content=\"index, follow, max-snippet:-1, max-image-preview:large, max-video-preview:-1\" \/>\n<link rel=\"canonical\" href=\"https:\/\/www.slavkocuruvijafondacija.rs\/en\/targeted-by-power\/\" \/>\n<meta property=\"og:locale\" content=\"en_US\" \/>\n<meta property=\"og:type\" content=\"article\" \/>\n<meta property=\"og:title\" content=\"Targeted by Power | Slavko \u0106uruvija fondacija\" \/>\n<meta property=\"og:description\" content=\"Monthly digest of incidents in which high-ranking Serbian officials have used their positions of power to intimidate and target critical journalists and media outlets. &nbsp; Issue #1 &#8211; August 2025 Issue #2 &#8211; September 2025 Issue #3 &#8211; October 2025 Issue #4 &#8211; November 2025 Issue #5 &#8211; December 2025 Issue #6 &#8211; January 2026 Issue #7 &#8211; February 2026 Issue #8 &#8211; March 2026 If you would like to receive the monthly digest via email you can sign up [&hellip;]\" \/>\n<meta property=\"og:url\" content=\"https:\/\/www.slavkocuruvijafondacija.rs\/en\/targeted-by-power\/\" \/>\n<meta property=\"og:site_name\" content=\"Slavko \u0106uruvija fondacija\" \/>\n<meta property=\"article:publisher\" content=\"https:\/\/www.facebook.com\/slavkocuruvijafondacija\/\" \/>\n<meta property=\"article:modified_time\" content=\"2026-04-06T10:13:27+00:00\" \/>\n<meta property=\"og:image\" content=\"https:\/\/www.slavkocuruvijafondacija.rs\/wp-content\/uploads\/2026\/01\/targeted-by-power-website.jpg\" \/>\n\t<meta property=\"og:image:width\" content=\"1140\" \/>\n\t<meta property=\"og:image:height\" content=\"600\" \/>\n\t<meta property=\"og:image:type\" content=\"image\/jpeg\" \/>\n<meta name=\"twitter:card\" content=\"summary_large_image\" \/>\n<meta name=\"twitter:site\" content=\"@scfondacija\" \/>\n<meta name=\"twitter:label1\" content=\"Est. reading time\" \/>\n\t<meta name=\"twitter:data1\" content=\"2 minutes\" \/>\n<script type=\"application\/ld+json\" class=\"yoast-schema-graph\">{\"@context\":\"https:\/\/schema.org\",\"@graph\":[{\"@type\":\"WebPage\",\"@id\":\"https:\/\/www.slavkocuruvijafondacija.rs\/en\/targeted-by-power\/\",\"url\":\"https:\/\/www.slavkocuruvijafondacija.rs\/en\/targeted-by-power\/\",\"name\":\"Targeted by Power | Slavko \u0106uruvija fondacija\",\"isPartOf\":{\"@id\":\"https:\/\/www.slavkocuruvijafondacija.rs\/#website\"},\"primaryImageOfPage\":{\"@id\":\"https:\/\/www.slavkocuruvijafondacija.rs\/en\/targeted-by-power\/#primaryimage\"},\"image\":{\"@id\":\"https:\/\/www.slavkocuruvijafondacija.rs\/en\/targeted-by-power\/#primaryimage\"},\"thumbnailUrl\":\"https:\/\/www.slavkocuruvijafondacija.rs\/wp-content\/uploads\/2026\/01\/targeted-by-power-website.jpg\",\"datePublished\":\"2026-01-16T15:24:08+00:00\",\"dateModified\":\"2026-04-06T10:13:27+00:00\",\"inLanguage\":\"en-US\",\"potentialAction\":[{\"@type\":\"ReadAction\",\"target\":[\"https:\/\/www.slavkocuruvijafondacija.rs\/en\/targeted-by-power\/\"]}]},{\"@type\":\"ImageObject\",\"inLanguage\":\"en-US\",\"@id\":\"https:\/\/www.slavkocuruvijafondacija.rs\/en\/targeted-by-power\/#primaryimage\",\"url\":\"https:\/\/www.slavkocuruvijafondacija.rs\/wp-content\/uploads\/2026\/01\/targeted-by-power-website.jpg\",\"contentUrl\":\"https:\/\/www.slavkocuruvijafondacija.rs\/wp-content\/uploads\/2026\/01\/targeted-by-power-website.jpg\",\"width\":1140,\"height\":600},{\"@type\":\"WebSite\",\"@id\":\"https:\/\/www.slavkocuruvijafondacija.rs\/#website\",\"url\":\"https:\/\/www.slavkocuruvijafondacija.rs\/\",\"name\":\"Slavko \u0106uruvija fondacija\",\"description\":\"Slavko \u0106uruvija fondacija (S\u0106F) radi na promociji i unapre\u0111enju slobodnih, nezavisnih i odgovornih medija u Srbiji.\",\"publisher\":{\"@id\":\"https:\/\/www.slavkocuruvijafondacija.rs\/#organization\"},\"potentialAction\":[{\"@type\":\"SearchAction\",\"target\":{\"@type\":\"EntryPoint\",\"urlTemplate\":\"https:\/\/www.slavkocuruvijafondacija.rs\/?s={search_term_string}\"},\"query-input\":{\"@type\":\"PropertyValueSpecification\",\"valueRequired\":true,\"valueName\":\"search_term_string\"}}],\"inLanguage\":\"en-US\"},{\"@type\":\"Organization\",\"@id\":\"https:\/\/www.slavkocuruvijafondacija.rs\/#organization\",\"name\":\"Slavko Curuvija Foundation\",\"url\":\"https:\/\/www.slavkocuruvijafondacija.rs\/\",\"logo\":{\"@type\":\"ImageObject\",\"inLanguage\":\"en-US\",\"@id\":\"https:\/\/www.slavkocuruvijafondacija.rs\/#\/schema\/logo\/image\/\",\"url\":\"https:\/\/www.slavkocuruvijafondacija.rs\/wp-content\/uploads\/2021\/03\/SCF-Logo-900-600.jpg\",\"contentUrl\":\"https:\/\/www.slavkocuruvijafondacija.rs\/wp-content\/uploads\/2021\/03\/SCF-Logo-900-600.jpg\",\"width\":900,\"height\":600,\"caption\":\"Slavko Curuvija Foundation\"},\"image\":{\"@id\":\"https:\/\/www.slavkocuruvijafondacija.rs\/#\/schema\/logo\/image\/\"},\"sameAs\":[\"https:\/\/www.facebook.com\/slavkocuruvijafondacija\/\",\"https:\/\/x.com\/scfondacija\",\"https:\/\/www.instagram.com\/slavko_curuvija_fondacija\/\",\"https:\/\/www.linkedin.com\/company\/slavko-curuvija-foundation\/\",\"https:\/\/www.youtube.com\/channel\/UCEDcWS1sfG6qvaiBvVJJVRQ\"]}]}<\/script>\n<!-- \/ Yoast SEO plugin. -->","yoast_head_json":{"title":"Targeted by Power | Slavko \u0106uruvija fondacija","robots":{"index":"index","follow":"follow","max-snippet":"max-snippet:-1","max-image-preview":"max-image-preview:large","max-video-preview":"max-video-preview:-1"},"canonical":"https:\/\/www.slavkocuruvijafondacija.rs\/en\/targeted-by-power\/","og_locale":"en_US","og_type":"article","og_title":"Targeted by Power | Slavko \u0106uruvija fondacija","og_description":"Monthly digest of incidents in which high-ranking Serbian officials have used their positions of power to intimidate and target critical journalists and media outlets. &nbsp; Issue #1 &#8211; August 2025 Issue #2 &#8211; September 2025 Issue #3 &#8211; October 2025 Issue #4 &#8211; November 2025 Issue #5 &#8211; December 2025 Issue #6 &#8211; January 2026 Issue #7 &#8211; February 2026 Issue #8 &#8211; March 2026 If you would like to receive the monthly digest via email you can sign up [&hellip;]","og_url":"https:\/\/www.slavkocuruvijafondacija.rs\/en\/targeted-by-power\/","og_site_name":"Slavko \u0106uruvija fondacija","article_publisher":"https:\/\/www.facebook.com\/slavkocuruvijafondacija\/","article_modified_time":"2026-04-06T10:13:27+00:00","og_image":[{"width":1140,"height":600,"url":"https:\/\/www.slavkocuruvijafondacija.rs\/wp-content\/uploads\/2026\/01\/targeted-by-power-website.jpg","type":"image\/jpeg"}],"twitter_card":"summary_large_image","twitter_site":"@scfondacija","twitter_misc":{"Est. reading time":"2 minutes"},"schema":{"@context":"https:\/\/schema.org","@graph":[{"@type":"WebPage","@id":"https:\/\/www.slavkocuruvijafondacija.rs\/en\/targeted-by-power\/","url":"https:\/\/www.slavkocuruvijafondacija.rs\/en\/targeted-by-power\/","name":"Targeted by Power | Slavko \u0106uruvija fondacija","isPartOf":{"@id":"https:\/\/www.slavkocuruvijafondacija.rs\/#website"},"primaryImageOfPage":{"@id":"https:\/\/www.slavkocuruvijafondacija.rs\/en\/targeted-by-power\/#primaryimage"},"image":{"@id":"https:\/\/www.slavkocuruvijafondacija.rs\/en\/targeted-by-power\/#primaryimage"},"thumbnailUrl":"https:\/\/www.slavkocuruvijafondacija.rs\/wp-content\/uploads\/2026\/01\/targeted-by-power-website.jpg","datePublished":"2026-01-16T15:24:08+00:00","dateModified":"2026-04-06T10:13:27+00:00","inLanguage":"en-US","potentialAction":[{"@type":"ReadAction","target":["https:\/\/www.slavkocuruvijafondacija.rs\/en\/targeted-by-power\/"]}]},{"@type":"ImageObject","inLanguage":"en-US","@id":"https:\/\/www.slavkocuruvijafondacija.rs\/en\/targeted-by-power\/#primaryimage","url":"https:\/\/www.slavkocuruvijafondacija.rs\/wp-content\/uploads\/2026\/01\/targeted-by-power-website.jpg","contentUrl":"https:\/\/www.slavkocuruvijafondacija.rs\/wp-content\/uploads\/2026\/01\/targeted-by-power-website.jpg","width":1140,"height":600},{"@type":"WebSite","@id":"https:\/\/www.slavkocuruvijafondacija.rs\/#website","url":"https:\/\/www.slavkocuruvijafondacija.rs\/","name":"Slavko \u0106uruvija fondacija","description":"Slavko \u0106uruvija fondacija (S\u0106F) radi na promociji i unapre\u0111enju slobodnih, nezavisnih i odgovornih medija u Srbiji.","publisher":{"@id":"https:\/\/www.slavkocuruvijafondacija.rs\/#organization"},"potentialAction":[{"@type":"SearchAction","target":{"@type":"EntryPoint","urlTemplate":"https:\/\/www.slavkocuruvijafondacija.rs\/?s={search_term_string}"},"query-input":{"@type":"PropertyValueSpecification","valueRequired":true,"valueName":"search_term_string"}}],"inLanguage":"en-US"},{"@type":"Organization","@id":"https:\/\/www.slavkocuruvijafondacija.rs\/#organization","name":"Slavko Curuvija Foundation","url":"https:\/\/www.slavkocuruvijafondacija.rs\/","logo":{"@type":"ImageObject","inLanguage":"en-US","@id":"https:\/\/www.slavkocuruvijafondacija.rs\/#\/schema\/logo\/image\/","url":"https:\/\/www.slavkocuruvijafondacija.rs\/wp-content\/uploads\/2021\/03\/SCF-Logo-900-600.jpg","contentUrl":"https:\/\/www.slavkocuruvijafondacija.rs\/wp-content\/uploads\/2021\/03\/SCF-Logo-900-600.jpg","width":900,"height":600,"caption":"Slavko Curuvija Foundation"},"image":{"@id":"https:\/\/www.slavkocuruvijafondacija.rs\/#\/schema\/logo\/image\/"},"sameAs":["https:\/\/www.facebook.com\/slavkocuruvijafondacija\/","https:\/\/x.com\/scfondacija","https:\/\/www.instagram.com\/slavko_curuvija_fondacija\/","https:\/\/www.linkedin.com\/company\/slavko-curuvija-foundation\/","https:\/\/www.youtube.com\/channel\/UCEDcWS1sfG6qvaiBvVJJVRQ"]}]}},"_links":{"self":[{"href":"https:\/\/www.slavkocuruvijafondacija.rs\/en\/wp-json\/wp\/v2\/pages\/10517","targetHints":{"allow":["GET"]}}],"collection":[{"href":"https:\/\/www.slavkocuruvijafondacija.rs\/en\/wp-json\/wp\/v2\/pages"}],"about":[{"href":"https:\/\/www.slavkocuruvijafondacija.rs\/en\/wp-json\/wp\/v2\/types\/page"}],"author":[{"embeddable":true,"href":"https:\/\/www.slavkocuruvijafondacija.rs\/en\/wp-json\/wp\/v2\/users\/11"}],"replies":[{"embeddable":true,"href":"https:\/\/www.slavkocuruvijafondacija.rs\/en\/wp-json\/wp\/v2\/comments?post=10517"}],"version-history":[{"count":7,"href":"https:\/\/www.slavkocuruvijafondacija.rs\/en\/wp-json\/wp\/v2\/pages\/10517\/revisions"}],"predecessor-version":[{"id":10776,"href":"https:\/\/www.slavkocuruvijafondacija.rs\/en\/wp-json\/wp\/v2\/pages\/10517\/revisions\/10776"}],"wp:featuredmedia":[{"embeddable":true,"href":"https:\/\/www.slavkocuruvijafondacija.rs\/en\/wp-json\/wp\/v2\/media\/10518"}],"wp:attachment":[{"href":"https:\/\/www.slavkocuruvijafondacija.rs\/en\/wp-json\/wp\/v2\/media?parent=10517"}],"curies":[{"name":"wp","href":"https:\/\/api.w.org\/{rel}","templated":true}]}}